{"id":567,"date":"2026-01-31T12:19:36","date_gmt":"2026-01-31T12:19:36","guid":{"rendered":"https:\/\/mauritiusevents.hu\/?post_type=product&#038;p=567"},"modified":"2026-01-31T12:21:32","modified_gmt":"2026-01-31T12:21:32","slug":"balnales-mauritiuson-az-ocean-oriasai","status":"publish","type":"product","link":"https:\/\/mauritiusevents.hu\/?product=balnales-mauritiuson-az-ocean-oriasai","title":{"rendered":"B\u00e1lnales \u2013 Csendes tal\u00e1lkoz\u00e1s az \u00f3ce\u00e1n \u00f3ri\u00e1saival"},"content":{"rendered":"<p data-start=\"182\" data-end=\"611\">Ha mindig is arr\u00f3l \u00e1lmodtatok, hogy testk\u00f6zelb\u0151l l\u00e1thass\u00e1tok a b\u00e1ln\u00e1kat a term\u00e9szetes \u00e9l\u0151hely\u00fck\u00f6n, de fontos sz\u00e1motokra az \u00e1llatok tisztelete \u00e9s v\u00e9delme is, akkor ez a b\u00e1lnales t\u00f6k\u00e9letes v\u00e1laszt\u00e1s. Ez az \u00e9lm\u00e9ny nem a zajos v\u00edzi attrakci\u00f3kr\u00f3l sz\u00f3l \u2013 ink\u00e1bb egy felemel\u0151, m\u00e9ly benyom\u00e1st ny\u00fajt\u00f3 megfigyel\u00e9s, ahol a tengeri \u00e9l\u0151vil\u00e1g f\u0151szerepl\u0151it \u2013 a hossz\u00fasz\u00e1rny\u00fa \u00e9s \u00e1mbr\u00e1s ceteket \u2013 a maguk term\u00e9szetes val\u00f3j\u00e1ban csod\u00e1lhatj\u00e1tok meg.<\/p>\n<p data-start=\"613\" data-end=\"997\">A b\u00e1lnales program kiz\u00e1r\u00f3lag hivatalos enged\u00e9llyel (licence-szel) rendelkez\u0151 haj\u00f3sokkal val\u00f3sulhat meg, akik tudj\u00e1k, hogyan lehet a lehet\u0151 legk\u00edm\u00e9letesebben \u00e9s legbiztons\u00e1gosabban megk\u00f6zel\u00edteni az \u00e1llatokat \u2013 mindenf\u00e9le zavar\u00e1s vagy \u00fcld\u00f6z\u00e9s n\u00e9lk\u00fcl. A b\u00e1ln\u00e1kkal \u00faszni <strong data-start=\"871\" data-end=\"890\">szigor\u00faan tilos<\/strong>, \u00e9s mi \u00f6r\u00f6mmel t\u00e1mogatunk minden olyan megk\u00f6zel\u00edt\u00e9st, amely a tengeri \u00e9l\u0151l\u00e9nyek v\u00e9delm\u00e9t helyezi el\u0151t\u00e9rbe.<\/p>\n<p data-start=\"999\" data-end=\"1365\">A haj\u00f3 a d\u00e9lnyugati partokr\u00f3l indul, \u00e1ltal\u00e1ban reggel, mivel ilyenkor a legnagyobb az es\u00e9ly arra, hogy \u00e9szrevegy\u00e9tek ezeket a hatalmas eml\u0151s\u00f6ket, amint a felsz\u00ednre emelkednek leveg\u0151\u00e9rt. A b\u00e1ln\u00e1k mozg\u00e1s\u00e1t nem lehet teljes biztons\u00e1ggal el\u0151re jelezni, de a helyi haj\u00f3vezet\u0151k \u00e9vek tapasztalat\u00e1val \u00e9s rengeteg helyismerettel rendelkeznek \u2013 \u00edgy az \u00e9lm\u00e9ny szinte garant\u00e1lt.<\/p>\n<p data-start=\"1367\" data-end=\"1387\">Mit tapasztalhattok?<\/p>\n<ul data-start=\"1389\" data-end=\"1685\">\n<li data-start=\"1389\" data-end=\"1472\">\n<p data-start=\"1391\" data-end=\"1472\">L\u00e9legzetel\u00e1ll\u00edt\u00f3 pillanatok, amikor egy-egy b\u00e1lna uszonya felt\u0171nik a horizonton<\/p>\n<\/li>\n<li data-start=\"1473\" data-end=\"1543\">\n<p data-start=\"1475\" data-end=\"1543\">A term\u00e9szet csendje \u00e9s a b\u00e1ln\u00e1k f\u00faj\u00e1sa egy \u00e9letre sz\u00f3l\u00f3 eml\u00e9k lesz<\/p>\n<\/li>\n<li data-start=\"1544\" data-end=\"1636\">\n<p data-start=\"1546\" data-end=\"1636\">Hozz\u00e1\u00e9rt\u0151 kapit\u00e1ny \u00e9s szem\u00e9lyzet, akik mes\u00e9lnek is nektek ezekr\u0151l a leny\u0171g\u00f6z\u0151 \u00e1llatokr\u00f3l<\/p>\n<\/li>\n<li data-start=\"1637\" data-end=\"1685\">\n<p data-start=\"1639\" data-end=\"1685\">K\u00e9nyelmes haj\u00f3z\u00e1s egy kis kalanddal f\u0171szerezve<\/p>\n<\/li>\n<\/ul>\n<p data-start=\"1687\" data-end=\"1829\">A t\u00fara \u00e1ltal\u00e1ban 3\u20134 \u00f3r\u00e1s, \u00e9s b\u00e1r nem garant\u00e1lhat\u00f3 a b\u00e1ln\u00e1k felt\u0171n\u00e9se, a legt\u00f6bb haj\u00f3\u00fat sor\u00e1n siker\u00fcl \u00e9szrevenni \u0151ket \u2013 ak\u00e1r t\u00f6bb p\u00e9ld\u00e1nyt is.<\/p>\n<p data-start=\"1831\" data-end=\"1846\">Kinek aj\u00e1nljuk?<\/p>\n<p data-start=\"1848\" data-end=\"2158\">Ez a b\u00e1lnales program azoknak sz\u00f3l, akik egy k\u00fcl\u00f6nleges, m\u00e9gis nyugodt tengeri \u00e9lm\u00e9nyt keresnek, \u00e9s szeretn\u00e9nek felel\u0151ss\u00e9gteljes m\u00f3don k\u00f6zel ker\u00fclni az \u00f3ce\u00e1n egyik legnagyobb csod\u00e1j\u00e1hoz. Kisgyermekes csal\u00e1doknak, id\u0151sebbeknek is aj\u00e1nlhat\u00f3, mert nem ig\u00e9nyel fizikai er\u0151fesz\u00edt\u00e9st, csak egy kis t\u00fcrelmet \u00e9s nyitott sz\u00edvet.<\/p>\n<p data-start=\"1848\" data-end=\"2158\"><strong>A t\u00fara t\u00f6bbf\u00e9le \u00e9lm\u00e9nycsomagban is el\u00e9rhet\u0151<\/strong> \u2013 van, amelyik kiz\u00e1r\u00f3lag a b\u00e1lnalesre f\u00f3kusz\u00e1l, m\u00e1s programok delfinmegfigyel\u00e9ssel, snorkelez\u00e9ssel vagy ak\u00e1r fed\u00e9lzeti eb\u00e9ddel eg\u00e9sz\u00fclnek ki. Ez lehet\u0151v\u00e9 teszi, hogy mindenki megtal\u00e1lja a sz\u00e1m\u00e1ra ide\u00e1lis verzi\u00f3t, legyen sz\u00f3 kor\u00e1n kel\u0151 kalandorokr\u00f3l vagy eg\u00e9sz napos, nyugodtabb haj\u00f3z\u00e1st keres\u0151kr\u0151l.<\/p>\n<p data-start=\"2160\" data-end=\"2260\">A r\u00e9szleteket, indul\u00e1si helysz\u00ednt \u00e9s id\u0151pontokat foglal\u00e1s ut\u00e1n, telefonon vagy emailben egyeztetj\u00fck.<\/p>\n","protected":false},"excerpt":{"rendered":"<p>Tapasztalj\u00e1tok meg a term\u00e9szet egyik legcsod\u00e1latosabb tal\u00e1lkoz\u00e1s\u00e1t egy b\u00e1lnales sor\u00e1n Mauritius var\u00e1zslatos d\u00e9lnyugati partjain\u00e1l! Ez a program t\u00f6bbf\u00e9le form\u00e1ban is el\u00e9rhet\u0151, \u00edgy ig\u00e9nyeitekhez igaz\u00edtva v\u00e1laszthattok a csak b\u00e1lnamegfigyel\u00e9sre f\u00f3kusz\u00e1l\u00f3 t\u00fara, a b\u00e1ln\u00e1k \u00e9s delfinek k\u00f6z\u00f6s megfigyel\u00e9s\u00e9t k\u00edn\u00e1l\u00f3 \u00fat, vagy ak\u00e1r egy eg\u00e9sz napos, eb\u00e9ddel egybek\u00f6t\u00f6tt exkluz\u00edv haj\u00f3z\u00e1s k\u00f6z\u00f6tt. Minden v\u00e1ltozat k\u00f6z\u00f6s jellemz\u0151je, hogy a haj\u00f3k enged\u00e9llyel rendelkez\u0151 kapit\u00e1nyokkal indulnak, akik tisztelettel \u00e9s szak\u00e9rtelemmel k\u00f6zel\u00edtenek a tengeri \u00e9l\u0151vil\u00e1ghoz. Ez a t\u00fara nemcsak \u00e9lm\u00e9nyt ad, hanem tan\u00edt is: hogyan lehet felel\u0151ss\u00e9gteljesen r\u00e9szt venni egy \u00f3ce\u00e1ni kalandban.<br data-start=\"1005\" data-end=\"1008\" data-is-only-node=\"\" \/>Az el\u00e9rhet\u0151 opci\u00f3kr\u00f3l \u00e9s a pontos r\u00e9szletekr\u0151l foglal\u00e1s ut\u00e1n telefonon vagy e-mailben egyeztet\u00fcnk.<\/p>\n","protected":false},"featured_media":568,"comment_status":"open","ping_status":"closed","template":"","meta":{"_regular_price":["0"],"currency_symbol":[]},"product_brand":[],"product_cat":[23,29],"product_tag":[],"class_list":{"0":"post-567","1":"product","2":"type-product","3":"status-publish","4":"has-post-thumbnail","6":"product_cat-programok","7":"product_cat-vizi","9":"first","10":"instock","11":"virtual","12":"purchasable","13":"product-type-simple"},"post_slider_layout_featured_media_urls":{"thumbnail":["https:\/\/mauritiusevents.hu\/wp-content\/uploads\/2026\/01\/Screenshot-2026-01-31-160644-150x150.png",150,150,true],"post_slider_layout_landscape_large":["https:\/\/mauritiusevents.hu\/wp-content\/uploads\/2026\/01\/Screenshot-2026-01-31-160644.png",763,521,false],"post_slider_layout_portrait_large":["https:\/\/mauritiusevents.hu\/wp-content\/uploads\/2026\/01\/Screenshot-2026-01-31-160644.png",763,521,false],"post_slider_layout_square_large":["https:\/\/mauritiusevents.hu\/wp-content\/uploads\/2026\/01\/Screenshot-2026-01-31-160644.png",763,521,false],"post_slider_layout_landscape":["https:\/\/mauritiusevents.hu\/wp-content\/uploads\/2026\/01\/Screenshot-2026-01-31-160644-600x400.png",600,400,true],"post_slider_layout_portrait":["https:\/\/mauritiusevents.hu\/wp-content\/uploads\/2026\/01\/Screenshot-2026-01-31-160644-600x521.png",600,521,true],"post_slider_layout_square":["https:\/\/mauritiusevents.hu\/wp-content\/uploads\/2026\/01\/Screenshot-2026-01-31-160644-600x521.png",600,521,true],"full":["https:\/\/mauritiusevents.hu\/wp-content\/uploads\/2026\/01\/Screenshot-2026-01-31-160644.png",763,521,false]},"_links":{"self":[{"href":"https:\/\/mauritiusevents.hu\/index.php?rest_route=\/wp\/v2\/product\/567","targetHints":{"allow":["GET"]}}],"collection":[{"href":"https:\/\/mauritiusevents.hu\/index.php?rest_route=\/wp\/v2\/product"}],"about":[{"href":"https:\/\/mauritiusevents.hu\/index.php?rest_route=\/wp\/v2\/types\/product"}],"replies":[{"embeddable":true,"href":"https:\/\/mauritiusevents.hu\/index.php?rest_route=%2Fwp%2Fv2%2Fcomments&post=567"}],"wp:featuredmedia":[{"embeddable":true,"href":"https:\/\/mauritiusevents.hu\/index.php?rest_route=\/wp\/v2\/media\/568"}],"wp:attachment":[{"href":"https:\/\/mauritiusevents.hu\/index.php?rest_route=%2Fwp%2Fv2%2Fmedia&parent=567"}],"wp:term":[{"taxonomy":"product_brand","embeddable":true,"href":"https:\/\/mauritiusevents.hu\/index.php?rest_route=%2Fwp%2Fv2%2Fproduct_brand&post=567"},{"taxonomy":"product_cat","embeddable":true,"href":"https:\/\/mauritiusevents.hu\/index.php?rest_route=%2Fwp%2Fv2%2Fproduct_cat&post=567"},{"taxonomy":"product_tag","embeddable":true,"href":"https:\/\/mauritiusevents.hu\/index.php?rest_route=%2Fwp%2Fv2%2Fproduct_tag&post=567"}],"curies":[{"name":"wp","href":"https:\/\/api.w.org\/{rel}","templated":true}]}}