{"id":553,"date":"2026-01-30T14:09:39","date_gmt":"2026-01-30T14:09:39","guid":{"rendered":"https:\/\/mauritiusevents.hu\/?post_type=product&#038;p=553"},"modified":"2026-02-26T06:51:30","modified_gmt":"2026-02-26T06:51:30","slug":"big-game-fishing-melyvizi-horgaszat-mauritius","status":"publish","type":"product","link":"https:\/\/mauritiusevents.hu\/?product=big-game-fishing-melyvizi-horgaszat-mauritius","title":{"rendered":"Big Game Fishing \u2013 m\u00e9lyv\u00edzi horg\u00e1szat Mauritius krist\u00e1lytiszta viz\u00e9n"},"content":{"rendered":"<p data-start=\"74\" data-end=\"458\">Ha szeretn\u00e9tek egy igazi tengeri kalandot, ami t\u00falmutat a klasszikus pec\u00e1n vagy lag\u00fanai horg\u00e1szaton, akkor a <strong data-start=\"183\" data-end=\"203\">Big Game Fishing<\/strong> egy olyan program, ahol a ny\u00edlt \u00f3ce\u00e1n m\u00e9ly\u00e9re haj\u00f3ztok ki, \u00e9s a tr\u00f3feahalak ut\u00e1n eredtek. Mauritius a vil\u00e1g egyik legjobb helye erre, a meleg vizekben rengeteg er\u0151s, nagy m\u00e9ret\u0171 hal \u00e9l, \u00e9s m\u00e1r \u00f6nmag\u00e1ban a tengerre sz\u00e1ll\u00e1s is izgalommal t\u00f6lt el benneteket.<\/p>\n<p data-start=\"460\" data-end=\"824\">A program sor\u00e1n egy profi, j\u00f3l felszerelt horg\u00e1szhaj\u00f3ra sz\u00e1lltok fel, amely <em data-start=\"536\" data-end=\"550\">kifejezetten<\/em> a nagyhalas, ny\u00edlt\u2011tengeri pec\u00e1ra van kialak\u00edtva. A fed\u00e9lzeten minden felszerel\u00e9st biztos\u00edtanak: er\u0151s horg\u00e1szbotok, speci\u00e1lis csalik \u00e9s profi technika v\u00e1r r\u00e1tok, \u00edgy ak\u00e1r technik\u00e1sabb m\u00f3dszerekkel is pr\u00f3b\u00e1ra tehetitek a szerencs\u00e9teket.<\/p>\n<p data-start=\"826\" data-end=\"1095\">A leggyakoribb fog\u00e1si c\u00e9lpontok a hatalmas <strong data-start=\"869\" data-end=\"884\">blue marlin<\/strong>, <strong data-start=\"886\" data-end=\"902\">black marlin<\/strong>, <strong data-start=\"904\" data-end=\"922\">yellowfin tuna<\/strong>, <strong data-start=\"924\" data-end=\"933\">wahoo<\/strong> vagy ak\u00e1r <strong data-start=\"944\" data-end=\"954\">dorado (mahi-mahi).<\/strong><\/p>\n<p data-start=\"1097\" data-end=\"1367\">Ez a program nemcsak azoknak sz\u00f3l, akik m\u00e1r rutinos pec\u00e1sok, hanem ak\u00e1r kezd\u0151knek is fantasztikus \u00e9lm\u00e9ny \u2013 a haj\u00f3 leg\u00e9nys\u00e9ge v\u00e9gig seg\u00edt nektek, elmagyar\u00e1zza a fog\u00e1si technik\u00e1kat, \u00e9s bevezet titeket a m\u00e9lyv\u00edzi horg\u00e1szat rejtelmeibe.<\/p>\n<p data-start=\"1369\" data-end=\"1764\">A t\u00fara tipikusan reggel indul, amikor a legjobb a halak mozg\u00e1sa, \u00e9s a teljes napos program ak\u00e1r <strong>6\u20138 \u00f3r\u00e1s horg\u00e1szatot is jelenthet<\/strong>, de <strong>vannak<\/strong> r\u00f6videbb, <strong>f\u00e9l napos<\/strong> verzi\u00f3k is. A legt\u00f6bb haj\u00f3s csapat <em data-start=\"1607\" data-end=\"1633\">priv\u00e1t vagy kis l\u00e9tsz\u00e1m\u00fa<\/em> foglalkoz\u00e1st k\u00edn\u00e1l, \u00edgy a bar\u00e1taitokkal vagy a csal\u00e1ddal egy\u00fctt \u00e9lhetitek \u00e1t ezt a kalandot.<\/p>\n<p data-start=\"1766\" data-end=\"2027\">A Big Game Fishing sor\u00e1n nemcsak a horgon val\u00f3 k\u00fczdelem lesz izgalmas, hanem maga a tengerre utaz\u00e1s is: a ny\u00edlt \u00f3ce\u00e1nra kihaj\u00f3zva figyelhetitek a horizontot, k\u00f6zben gyakran l\u00e1thattok delfineket, c\u00e1p\u00e1kat vagy m\u00e1s tengeri \u00e9l\u0151l\u00e9nyeket is.<\/p>\n<p data-start=\"2029\" data-end=\"2225\"><strong data-start=\"2029\" data-end=\"2225\">Foglal\u00e1s ut\u00e1n telefonon vagy e\u2011mailben felkeres\u00fcnk titeket, hogy egyeztess\u00fck az ig\u00e9nyeiteket, a horg\u00e1szprogram hossz\u00e1t \u00e9s minden r\u00e9szletet, \u00edgy biztosan azt az \u00e9lm\u00e9nyt kapj\u00e1tok, amire v\u00e1gytok.<\/strong><\/p>\n","protected":false},"excerpt":{"rendered":"<p>Mer\u00fcljetek el a ny\u00edlt \u00f3ce\u00e1n izgalmaiban a Big Game Fishing t\u00far\u00e1n: nagytest\u0171 tengeri ragadoz\u00f3 halak ut\u00e1n eredtek profi felszerel\u00e9ssel \u00e9s gyakorlott leg\u00e9nys\u00e9ggel. A r\u00e9szleteket foglal\u00e1s ut\u00e1n egyeztetj\u00fck.<\/p>\n","protected":false},"featured_media":556,"comment_status":"open","ping_status":"closed","template":"","meta":{"_regular_price":["0"],"currency_symbol":[]},"product_brand":[],"product_cat":[23,29],"product_tag":[],"class_list":{"0":"post-553","1":"product","2":"type-product","3":"status-publish","4":"has-post-thumbnail","6":"product_cat-programok","7":"product_cat-vizi","9":"first","10":"instock","11":"virtual","12":"purchasable","13":"product-type-simple"},"post_slider_layout_featured_media_urls":{"thumbnail":["https:\/\/mauritiusevents.hu\/wp-content\/uploads\/2026\/01\/Screenshot-2026-01-30-175805-150x150.png",150,150,true],"post_slider_layout_landscape_large":["https:\/\/mauritiusevents.hu\/wp-content\/uploads\/2026\/01\/Screenshot-2026-01-30-175805.png",1072,609,false],"post_slider_layout_portrait_large":["https:\/\/mauritiusevents.hu\/wp-content\/uploads\/2026\/01\/Screenshot-2026-01-30-175805.png",1072,609,false],"post_slider_layout_square_large":["https:\/\/mauritiusevents.hu\/wp-content\/uploads\/2026\/01\/Screenshot-2026-01-30-175805.png",1072,609,false],"post_slider_layout_landscape":["https:\/\/mauritiusevents.hu\/wp-content\/uploads\/2026\/01\/Screenshot-2026-01-30-175805-600x400.png",600,400,true],"post_slider_layout_portrait":["https:\/\/mauritiusevents.hu\/wp-content\/uploads\/2026\/01\/Screenshot-2026-01-30-175805-600x609.png",600,609,true],"post_slider_layout_square":["https:\/\/mauritiusevents.hu\/wp-content\/uploads\/2026\/01\/Screenshot-2026-01-30-175805-600x600.png",600,600,true],"full":["https:\/\/mauritiusevents.hu\/wp-content\/uploads\/2026\/01\/Screenshot-2026-01-30-175805.png",1072,609,false]},"_links":{"self":[{"href":"https:\/\/mauritiusevents.hu\/index.php?rest_route=\/wp\/v2\/product\/553","targetHints":{"allow":["GET"]}}],"collection":[{"href":"https:\/\/mauritiusevents.hu\/index.php?rest_route=\/wp\/v2\/product"}],"about":[{"href":"https:\/\/mauritiusevents.hu\/index.php?rest_route=\/wp\/v2\/types\/product"}],"replies":[{"embeddable":true,"href":"https:\/\/mauritiusevents.hu\/index.php?rest_route=%2Fwp%2Fv2%2Fcomments&post=553"}],"wp:featuredmedia":[{"embeddable":true,"href":"https:\/\/mauritiusevents.hu\/index.php?rest_route=\/wp\/v2\/media\/556"}],"wp:attachment":[{"href":"https:\/\/mauritiusevents.hu\/index.php?rest_route=%2Fwp%2Fv2%2Fmedia&parent=553"}],"wp:term":[{"taxonomy":"product_brand","embeddable":true,"href":"https:\/\/mauritiusevents.hu\/index.php?rest_route=%2Fwp%2Fv2%2Fproduct_brand&post=553"},{"taxonomy":"product_cat","embeddable":true,"href":"https:\/\/mauritiusevents.hu\/index.php?rest_route=%2Fwp%2Fv2%2Fproduct_cat&post=553"},{"taxonomy":"product_tag","embeddable":true,"href":"https:\/\/mauritiusevents.hu\/index.php?rest_route=%2Fwp%2Fv2%2Fproduct_tag&post=553"}],"curies":[{"name":"wp","href":"https:\/\/api.w.org\/{rel}","templated":true}]}}