{"id":548,"date":"2026-01-30T13:05:09","date_gmt":"2026-01-30T13:05:09","guid":{"rendered":"https:\/\/mauritiusevents.hu\/?post_type=product&#038;p=548"},"modified":"2026-01-30T13:06:19","modified_gmt":"2026-01-30T13:06:19","slug":"hidroplanos-repules-mauritius","status":"publish","type":"product","link":"https:\/\/mauritiusevents.hu\/?product=hidroplanos-repules-mauritius","title":{"rendered":"Hidropl\u00e1nos rep\u00fcl\u00e9s \u2013 L\u00e9legzetel\u00e1ll\u00edt\u00f3 \u00e9lm\u00e9ny, fedezd fel Mauritiust mad\u00e1rt\u00e1vlatb\u00f3l!"},"content":{"rendered":"<p data-start=\"69\" data-end=\"425\">Ha egy igaz\u00e1n k\u00fcl\u00f6nleges \u00e9lm\u00e9nyre v\u00e1gytok, ami nem csak felejthetetlen, hanem p\u00e1ratlan l\u00e1tv\u00e1nyt is k\u00edn\u00e1l, a hidropl\u00e1nos rep\u00fcl\u00e9s Mauritius felett \u00e9pp nektek val\u00f3. Ez a k\u00f6nny\u0171 v\u00edzirep\u00fcl\u0151 egyszerre k\u00edn\u00e1l adrenalint, szabads\u00e1g\u00e9rzetet \u00e9s l\u00e9gi panor\u00e1m\u00e1t \u2013 olyan perspekt\u00edv\u00e1b\u00f3l l\u00e1thatj\u00e1tok a szigetet, amit semmilyen haj\u00f3r\u00f3l vagy hegyr\u0151l nem lehet megtapasztalni.<\/p>\n<p data-start=\"427\" data-end=\"901\">A program sor\u00e1n egy k\u00e9tszem\u00e9lyes hidropl\u00e1non rep\u00fclt\u00f6k \u2013 a pil\u00f3t\u00e1val egy\u00fctt \u2013, \u00e9s m\u00e1r a felsz\u00e1ll\u00e1s is k\u00fcl\u00f6nleges, hiszen a lag\u00fana viz\u00e9r\u0151l indul a g\u00e9p. A rep\u00fcl\u00e9s sor\u00e1n fantasztikus kil\u00e1t\u00e1s ny\u00edlik a t\u00fcrkizk\u00e9k sek\u00e9lyvizekre, a szigetekre, korallz\u00e1tonyokra \u00e9s a part menti telep\u00fcl\u00e9sekre. Megcsod\u00e1lhatj\u00e1tok a vil\u00e1g egyik legismertebb \u201eoptikai ill\u00fazi\u00f3j\u00e1t\u201d, a <strong>v\u00edzalatti v\u00edzes\u00e9st<\/strong> (Underwater Waterfall) Le Morne k\u00f6rny\u00e9k\u00e9n \u2013 egy l\u00e1tv\u00e1ny, amit biztosan soha nem felejtetek el.<\/p>\n<p data-start=\"903\" data-end=\"928\"><strong data-start=\"903\" data-end=\"928\">Rep\u00fcl\u00e9si lehet\u0151s\u00e9gek:<\/strong><\/p>\n<ul data-start=\"930\" data-end=\"1323\">\n<li data-start=\"930\" data-end=\"1010\">\n<p data-start=\"932\" data-end=\"1010\"><strong data-start=\"932\" data-end=\"953\">15 perces rep\u00fcl\u00e9s<\/strong> \u2013 ide\u00e1lis, ha egy r\u00f6vid, de l\u00e1tv\u00e1nyos \u00e9lm\u00e9nyre v\u00e1gytok<\/p>\n<\/li>\n<li data-start=\"1011\" data-end=\"1095\">\n<p data-start=\"1013\" data-end=\"1095\"><strong data-start=\"1013\" data-end=\"1034\">25 perces rep\u00fcl\u00e9s<\/strong> \u2013 Le Morne, Underwater Waterfall \u00e9s lag\u00fan\u00e1k mad\u00e1rt\u00e1vlatb\u00f3l<\/p>\n<\/li>\n<li data-start=\"1096\" data-end=\"1195\">\n<p data-start=\"1098\" data-end=\"1195\"><strong data-start=\"1098\" data-end=\"1119\">40 perces rep\u00fcl\u00e9s<\/strong> \u2013 az egyik legteljesebb \u00e9lm\u00e9ny, t\u00f6bb r\u00e9gi\u00f3val \u00e9s v\u00e1ltozatos l\u00e1tnival\u00f3kkal<\/p>\n<\/li>\n<li data-start=\"1196\" data-end=\"1323\">\n<p data-start=\"1198\" data-end=\"1323\"><strong data-start=\"1198\" data-end=\"1219\">80 perces rep\u00fcl\u00e9s<\/strong> \u2013 a sziget d\u00e9li \u00e9s nyugati r\u00e9sz\u00e9nek felfedez\u00e9se, s\u0151t ak\u00e1r a Tamarin-\u00f6b\u00f6l delfinjei is megpillanthat\u00f3k<\/p>\n<\/li>\n<\/ul>\n<p><em>Minden t\u00fara tartalmaz egy rep\u00fcl\u00e9st Mauritius h\u00edres v\u00edz alatti v\u00edzes\u00e9se felett.<\/em><\/p>\n<p data-start=\"1325\" data-end=\"1557\">Ez a program egyar\u00e1nt sz\u00f3l a term\u00e9szet szerelmeseinek, a fot\u00f3z\u00e1s rajong\u00f3inak vagy azoknak, akik szeretn\u00e9k igaz\u00e1n k\u00fcl\u00f6nleges m\u00f3don eml\u00e9kezetess\u00e9 tenni a nyaral\u00e1st \u2013 p\u00e9ld\u00e1ul sz\u00fclet\u00e9snapra, n\u00e1sz\u00fatra, eljegyz\u00e9sre is t\u00f6k\u00e9letes v\u00e1laszt\u00e1s.<\/p>\n<p data-start=\"1559\" data-end=\"1584\"><strong data-start=\"1559\" data-end=\"1584\">Praktikus tudnival\u00f3k:<\/strong><\/p>\n<ul data-start=\"1586\" data-end=\"1933\">\n<li data-start=\"1586\" data-end=\"1655\">\n<p data-start=\"1588\" data-end=\"1655\">A rep\u00fcl\u0151 indul\u00e1sa mindig az id\u0151j\u00e1r\u00e1s \u00e9s a sz\u00e9lviszonyok f\u00fcggv\u00e9nye<\/p>\n<\/li>\n<li data-start=\"1656\" data-end=\"1734\">\n<p data-start=\"1658\" data-end=\"1734\">A rep\u00fcl\u00e9st minden esetben tapasztalt, enged\u00e9llyel rendelkez\u0151 pil\u00f3ta vezeti<\/p>\n<\/li>\n<li data-start=\"1735\" data-end=\"1782\">\n<p data-start=\"1737\" data-end=\"1782\">Aj\u00e1nlott napszem\u00fcveget \u00e9s f\u00e9nyk\u00e9pez\u0151t vinni<\/p>\n<\/li>\n<li data-start=\"1783\" data-end=\"1933\">\n<p data-start=\"1785\" data-end=\"1933\">Foglal\u00e1s ut\u00e1n telefonon vagy e-mailben felvessz\u00fck veletek a kapcsolatot, hogy egyeztess\u00fck az id\u0151pontot, az ig\u00e9nyeket, \u00e9s pontos\u00edtsuk a r\u00e9szleteket<\/p>\n<\/li>\n<\/ul>\n<p data-start=\"1935\" data-end=\"2065\" data-is-last-node=\"\" data-is-only-node=\"\">Ez a rep\u00fcl\u00e9s nem csak egy program \u2013 egyfajta lebeg\u00e9s a val\u00f3s\u00e1g \u00e9s \u00e1lom k\u00f6z\u00f6tt, amelyben Mauritius a legszebb arc\u00e1t mutatja nektek.<\/p>\n","protected":false},"excerpt":{"rendered":"<p><strong data-start=\"53\" data-end=\"93\">Hidropl\u00e1nos rep\u00fcl\u00e9s Mauritius felett<\/strong><br data-start=\"93\" data-end=\"96\" \/>Egy k\u00fcl\u00f6nleges rep\u00fcl\u0151 fed\u00e9lzet\u00e9n rep\u00fclhettek Mauritius f\u00f6l\u00e9 \u2013 a pil\u00f3ta mell\u00e9 egy f\u0151 csatlakozhat az \u00e9lm\u00e9nyre. V\u00e1laszthat\u00f3 15, 25, 40 vagy ak\u00e1r 80 perces \u00fatvonalak sor\u00e1n l\u00e9legzetel\u00e1ll\u00edt\u00f3 kil\u00e1t\u00e1s ny\u00edlik a sziget lag\u00fan\u00e1ira, korallz\u00e1tonyaira \u00e9s az ikonikus v\u00edz alatti v\u00edzes\u00e9s (Underwater Waterfall) jelens\u00e9gre. Lehet\u0151s\u00e9g van <em data-start=\"400\" data-end=\"415\">duo rep\u00fcl\u00e9sre<\/em> is, amikor k\u00e9t hidropl\u00e1n egyszerre sz\u00e1ll fel \u00e9s egym\u00e1s mellett rep\u00fcl \u2013 \u00edgy a p\u00e1rok is egy\u00fctt \u00e9lhetik \u00e1t ezt a k\u00fcl\u00f6nleges \u00e9lm\u00e9nyt.<br data-start=\"545\" data-end=\"548\" \/>Az \u00e1rakat az ig\u00e9nyek megbesz\u00e9l\u00e9se ut\u00e1n egyeztetj\u00fck.<\/p>\n","protected":false},"featured_media":549,"comment_status":"open","ping_status":"closed","template":"","meta":{"_regular_price":["0"],"currency_symbol":[]},"product_brand":[],"product_cat":[15],"product_tag":[],"class_list":{"0":"post-548","1":"product","2":"type-product","3":"status-publish","4":"has-post-thumbnail","6":"product_cat-egyeb","8":"first","9":"instock","10":"virtual","11":"purchasable","12":"product-type-simple"},"post_slider_layout_featured_media_urls":{"thumbnail":["https:\/\/mauritiusevents.hu\/wp-content\/uploads\/2026\/01\/622511518_122153844386885901_7501775428953925762_n-150x150.jpg",150,150,true],"post_slider_layout_landscape_large":["https:\/\/mauritiusevents.hu\/wp-content\/uploads\/2026\/01\/622511518_122153844386885901_7501775428953925762_n.jpg",1200,637,false],"post_slider_layout_portrait_large":["https:\/\/mauritiusevents.hu\/wp-content\/uploads\/2026\/01\/622511518_122153844386885901_7501775428953925762_n.jpg",1200,637,false],"post_slider_layout_square_large":["https:\/\/mauritiusevents.hu\/wp-content\/uploads\/2026\/01\/622511518_122153844386885901_7501775428953925762_n.jpg",1200,637,false],"post_slider_layout_landscape":["https:\/\/mauritiusevents.hu\/wp-content\/uploads\/2026\/01\/622511518_122153844386885901_7501775428953925762_n-600x400.jpg",600,400,true],"post_slider_layout_portrait":["https:\/\/mauritiusevents.hu\/wp-content\/uploads\/2026\/01\/622511518_122153844386885901_7501775428953925762_n-600x637.jpg",600,637,true],"post_slider_layout_square":["https:\/\/mauritiusevents.hu\/wp-content\/uploads\/2026\/01\/622511518_122153844386885901_7501775428953925762_n-600x600.jpg",600,600,true],"full":["https:\/\/mauritiusevents.hu\/wp-content\/uploads\/2026\/01\/622511518_122153844386885901_7501775428953925762_n.jpg",1200,637,false]},"_links":{"self":[{"href":"https:\/\/mauritiusevents.hu\/index.php?rest_route=\/wp\/v2\/product\/548","targetHints":{"allow":["GET"]}}],"collection":[{"href":"https:\/\/mauritiusevents.hu\/index.php?rest_route=\/wp\/v2\/product"}],"about":[{"href":"https:\/\/mauritiusevents.hu\/index.php?rest_route=\/wp\/v2\/types\/product"}],"replies":[{"embeddable":true,"href":"https:\/\/mauritiusevents.hu\/index.php?rest_route=%2Fwp%2Fv2%2Fcomments&post=548"}],"wp:featuredmedia":[{"embeddable":true,"href":"https:\/\/mauritiusevents.hu\/index.php?rest_route=\/wp\/v2\/media\/549"}],"wp:attachment":[{"href":"https:\/\/mauritiusevents.hu\/index.php?rest_route=%2Fwp%2Fv2%2Fmedia&parent=548"}],"wp:term":[{"taxonomy":"product_brand","embeddable":true,"href":"https:\/\/mauritiusevents.hu\/index.php?rest_route=%2Fwp%2Fv2%2Fproduct_brand&post=548"},{"taxonomy":"product_cat","embeddable":true,"href":"https:\/\/mauritiusevents.hu\/index.php?rest_route=%2Fwp%2Fv2%2Fproduct_cat&post=548"},{"taxonomy":"product_tag","embeddable":true,"href":"https:\/\/mauritiusevents.hu\/index.php?rest_route=%2Fwp%2Fv2%2Fproduct_tag&post=548"}],"curies":[{"name":"wp","href":"https:\/\/api.w.org\/{rel}","templated":true}]}}