{"id":492,"date":"2026-01-10T03:32:32","date_gmt":"2026-01-10T03:32:32","guid":{"rendered":"https:\/\/mauritiusevents.hu\/?post_type=product&#038;p=492"},"modified":"2026-01-10T03:50:54","modified_gmt":"2026-01-10T03:50:54","slug":"gasztroturak-autentikus-utcai-izek","status":"publish","type":"product","link":"https:\/\/mauritiusevents.hu\/?product=gasztroturak-autentikus-utcai-izek","title":{"rendered":"Gasztrot\u00far\u00e1k \u2013 Autentikus utcai \u00edzek, kultur\u00e1lis \u00f6r\u00f6ks\u00e9g \u00e9s rejtett kincsek"},"content":{"rendered":"<h3 data-path-to-node=\"4\"><b data-path-to-node=\"4\" data-index-in-node=\"0\">Fedezd fel Mauritius lelk\u00e9t egy falatnyi t\u00f6rt\u00e9nelemmel!<\/b><\/h3>\n<h3 data-path-to-node=\"5\"><span data-path-to-node=\"5,1\"><span class=\"citation-302\">A gasztrot\u00far\u00e1k t\u00falmutatnak a megszokott turistal\u00e1tv\u00e1nyoss\u00e1gokon: ez egy elm\u00e9ly\u00fclt kulin\u00e1ris utaz\u00e1s, ahol a sziget gazdag multikultur\u00e1lis \u00f6r\u00f6ks\u00e9ge minden \u00edzben megelevenedik<\/span><\/span><span data-path-to-node=\"5,3\">. A t<\/span><span data-path-to-node=\"5,5\"><span class=\"citation-301\">apasztalt, helyi idegenvezet\u0151 \u00fagy ismeri a szigetet, mint a tenyer\u00e9t \u00e9s elvisz azokra a rejtett helyekre, ahol az \u00e9teleket sz\u00edvvel-l\u00e9lekkel k\u00e9sz\u00edtik<\/span><\/span><span data-path-to-node=\"5,7\">. <\/span><span data-path-to-node=\"5,9\"><span class=\"citation-300\">Minden fog\u00e1s egy t\u00f6rt\u00e9netet mes\u00e9l el, k\u00f6zelebb hozva t\u00e9ged a sziget val\u00f3di esszenci\u00e1j\u00e1hoz<\/span><\/span><span data-path-to-node=\"5,11\">.<\/span><\/h3>\n<p data-path-to-node=\"6\"><span data-path-to-node=\"6,1\"><span class=\"citation-299\">K\u00e9sz\u00edtsd az \u00e9tv\u00e1gyadat \u00e9s a kalandv\u00e1gyadat, mert es\u0151ben \u00e9s naps\u00fct\u00e9sben is indulunk!<\/span><\/span><\/p>\n<hr data-path-to-node=\"7\" \/>\n<h3 data-path-to-node=\"8\">V\u00e1laszthat\u00f3 Programok<\/h3>\n<p data-path-to-node=\"9\"><span data-path-to-node=\"9,0\"><b data-path-to-node=\"9,0\" data-index-in-node=\"0\">1. Port Louis Gasztrot\u00fara \u2013 A f\u0151v\u00e1ros \u00edzei \u00e9s a piac ny\u00fczsg\u00e9se<\/b> <\/span><span data-path-to-node=\"9,2\"><span class=\"citation-298\">Fedezd fel a f\u0151v\u00e1ros vibr\u00e1l\u00f3 utc\u00e1it, ahol a t\u00f6rt\u00e9nelem, a kult\u00fara \u00e9s az utcai \u00e9telek olvaszt\u00f3t\u00e9gelye v\u00e1r<\/span><\/span><span data-path-to-node=\"9,4\">. <\/span><span data-path-to-node=\"9,6\"><span class=\"citation-297\">A t\u00fara a Caudan Arts Centre-t\u0151l indul, \u00e9s v\u00e9gigvezet Port Louis kedvenc helyein, ahol a helyiek is sz\u00edvesen esznek<\/span><\/span><span data-path-to-node=\"9,8\">.<\/span><\/p>\n<ul data-path-to-node=\"10\">\n<li>\n<p data-path-to-node=\"10,0,1\"><span data-path-to-node=\"10,0,1,0\"><b data-path-to-node=\"10,0,1,0\" data-index-in-node=\"0\"><span class=\"citation-296\">\u00cdzel\u00edt\u0151:<\/span><\/b><span class=\"citation-296\"> A v\u00e1rosk\u00f6zpontban megk\u00f3stolhatod a tradicion\u00e1lis indiai lep\u00e9nyeket, a K\u00f6zponti Piacon pedig a friss\u00edt\u0151, helyi Alouda italt<\/span><\/span><span data-path-to-node=\"10,0,1,2\">.<\/span><\/p>\n<\/li>\n<li>\n<p data-path-to-node=\"10,1,1\"><span data-path-to-node=\"10,1,1,0\"><b data-path-to-node=\"10,1,1,0\" data-index-in-node=\"0\"><span class=\"citation-295\">Tal\u00e1lkoz\u00f3pont:<\/span><\/b><span class=\"citation-295\"> Caudan Arts Centre<\/span><\/span><span data-path-to-node=\"10,1,1,2\">.<\/span><\/p>\n<\/li>\n<li>\n<p data-path-to-node=\"10,2,0\"><span data-path-to-node=\"10,2,0,0\"><b data-path-to-node=\"10,2,0,0\" data-index-in-node=\"0\">Di\u00e9ta inf\u00f3:<\/b> Veget\u00e1ri\u00e1nus \u00e9s peszkat\u00e1ri\u00e1nus opci\u00f3 el\u00e9rhet\u0151. (Veg\u00e1n \u00e9s glut\u00e9nmentes nem) <\/span><span data-path-to-node=\"10,2,0,3\">.<\/span><\/p>\n<div class=\"source-inline-chip-container ng-star-inserted\"><\/div>\n<\/li>\n<\/ul>\n<p data-path-to-node=\"11\"><span data-path-to-node=\"11,0\"><b data-path-to-node=\"11,0\" data-index-in-node=\"0\">2. Mahebourg Gasztrot\u00fara \u2013 Rusztikus b\u00e1j, t\u00f6rt\u00e9nelem \u00e9s lag\u00fana<\/b> <\/span><span data-path-to-node=\"11,2\"><span class=\"citation-293\">S\u00e9t\u00e1lj v\u00e9gig a sziget legnagyobb lag\u00fan\u00e1ja ment\u00e9n \u00e9s vessz el Mahebourg b\u00e9k\u00e9s utc\u00e1iban<\/span><\/span><span data-path-to-node=\"11,4\">. <\/span><span data-path-to-node=\"11,6\"><span class=\"citation-292\">Ez a t\u00fara nemcsak az \u00edzekr\u0151l sz\u00f3l, hanem a sziget t\u00f6rt\u00e9nelm\u00e9nek felfedez\u00e9s\u00e9r\u0151l is<\/span><\/span><span data-path-to-node=\"11,8\">.<\/span><\/p>\n<ul data-path-to-node=\"12\">\n<li>\n<p data-path-to-node=\"12,0,1\"><span data-path-to-node=\"12,0,1,0\"><b data-path-to-node=\"12,0,1,0\" data-index-in-node=\"0\"><span class=\"citation-291\">\u00cdzel\u00edt\u0151:<\/span><\/b><span class=\"citation-291\"> Helyi specialit\u00e1sok snack b\u00e1rokban \u00e9s utcai \u00e1rusokn\u00e1l \u2013 olyan egyedi mauritiusi finoms\u00e1gok, amelyek csak itt tal\u00e1lhat\u00f3k meg<\/span><\/span><span data-path-to-node=\"12,0,1,2\">.<\/span><\/p>\n<\/li>\n<li>\n<p data-path-to-node=\"12,1,1\"><span data-path-to-node=\"12,1,1,0\"><b data-path-to-node=\"12,1,1,0\" data-index-in-node=\"0\"><span class=\"citation-290\">Tal\u00e1lkoz\u00f3pont:<\/span><\/b><span class=\"citation-290\"> Mahebourg Waterfront<\/span><\/span><span data-path-to-node=\"12,1,1,2\">.<\/span><\/p>\n<\/li>\n<li>\n<p data-path-to-node=\"12,2,0\"><span data-path-to-node=\"12,2,0,0\"><b data-path-to-node=\"12,2,0,0\" data-index-in-node=\"0\">Di\u00e9ta inf\u00f3:<\/b> Csak peszkat\u00e1ri\u00e1nus opci\u00f3 \u00e9rhet\u0151 el. (Veget\u00e1ri\u00e1nus, veg\u00e1n \u00e9s glut\u00e9nmentes sajnos nem) <\/span><span data-path-to-node=\"12,2,0,3\">.<\/span><\/p>\n<div class=\"source-inline-chip-container ng-star-inserted\"><\/div>\n<\/li>\n<\/ul>\n<p data-path-to-node=\"13\"><span data-path-to-node=\"13,0\"><b data-path-to-node=\"13,0\" data-index-in-node=\"0\">3. Grand Baie Gasztrot\u00fara \u2013 Tengerparti sikk \u00e9s autentikus falatok<\/b> <\/span><span data-path-to-node=\"13,2\"><span class=\"citation-288\">Grand Baie h\u00edres a ny\u00fczsg\u0151 \u00e9jszakai \u00e9let\u00e9r\u0151l \u00e9s strandjair\u00f3l, de most megismerheted egy m\u00e1sik oldal\u00e1t is<\/span><\/span><span data-path-to-node=\"13,4\">. <\/span><span data-path-to-node=\"13,6\"><span class=\"citation-287\">Gondosan v\u00e1logatott \u00e9ttermeken kereszt\u00fcl mutatjuk be a kulin\u00e1ris hagyom\u00e1nyokat<\/span><\/span><span data-path-to-node=\"13,8\">.<\/span><\/p>\n<ul data-path-to-node=\"14\">\n<li>\n<p data-path-to-node=\"14,0,1\"><span data-path-to-node=\"14,0,1,0\"><b data-path-to-node=\"14,0,1,0\" data-index-in-node=\"0\"><span class=\"citation-286\">\u00cdzel\u00edt\u0151:<\/span><\/b><span class=\"citation-286\"> A friss tenger gy\u00fcm\u00f6lcseit\u0151l a cs\u00e1b\u00edt\u00f3 utcai \u00e9telekig minden falat a sziget soksz\u00edn\u0171 \u00f6r\u00f6ks\u00e9g\u00e9t t\u00fckr\u00f6zi<\/span><\/span><span data-path-to-node=\"14,0,1,2\">.<\/span><\/p>\n<\/li>\n<li>\n<p data-path-to-node=\"14,1,1\"><span data-path-to-node=\"14,1,1,0\"><b data-path-to-node=\"14,1,1,0\" data-index-in-node=\"0\"><span class=\"citation-285\">Tal\u00e1lkoz\u00f3pont:<\/span><\/b><span class=\"citation-285\"> A Happy Rajah el\u0151tt<\/span><\/span><span data-path-to-node=\"14,1,1,2\">.<\/span><\/p>\n<\/li>\n<li>\n<p data-path-to-node=\"14,2,0\"><span data-path-to-node=\"14,2,0,0\"><b data-path-to-node=\"14,2,0,0\" data-index-in-node=\"0\">Di\u00e9ta inf\u00f3:<\/b> Csak peszkat\u00e1ri\u00e1nus opci\u00f3 \u00e9rhet\u0151 el. (Veget\u00e1ri\u00e1nus, veg\u00e1n \u00e9s glut\u00e9nmentes sajnos nem) <\/span><span data-path-to-node=\"14,2,0,3\">.<\/span><\/p>\n<\/li>\n<\/ul>\n<hr data-path-to-node=\"15\" \/>\n<h3 data-path-to-node=\"16\">Fontos Tudnival\u00f3k<\/h3>\n<ul data-path-to-node=\"17\">\n<li>\n<p data-path-to-node=\"17,0,1\"><span data-path-to-node=\"17,0,1,0\"><b data-path-to-node=\"17,0,1,0\" data-index-in-node=\"0\"><span class=\"citation-283\">Id\u0151pontok:<\/span><\/b><span class=\"citation-283\"> H\u00e9tf\u0151t\u0151l szombatig, 10:30 \u2013 13:30<\/span><\/span><span data-path-to-node=\"17,0,1,2\">.<\/span><\/p>\n<\/li>\n<li>\n<p data-path-to-node=\"17,1,0\"><span data-path-to-node=\"17,1,0,0\"><b data-path-to-node=\"17,1,0,0\" data-index-in-node=\"0\">Id\u0151tartam \u00e9s t\u00e1v:<\/b> K\u00e9nyelmes s\u00e9ta, \u00f6sszesen kb. <\/span><span data-path-to-node=\"17,1,0,2\"><span class=\"citation-282\">3 km<\/span><\/span><span data-path-to-node=\"17,1,0,4\">.<\/span><\/p>\n<\/li>\n<li>\n<p data-path-to-node=\"17,2,1\"><span data-path-to-node=\"17,2,1,0\"><b data-path-to-node=\"17,2,1,0\" data-index-in-node=\"0\"><span class=\"citation-281\">Csoportm\u00e9ret:<\/span><\/b><span class=\"citation-281\"> Minimum 2, maximum 8 f\u0151 a szem\u00e9lyes \u00e9lm\u00e9ny\u00e9rt<\/span><\/span><span data-path-to-node=\"17,2,1,2\">.<\/span><\/p>\n<\/li>\n<li>\n<p data-path-to-node=\"17,3,1\"><span data-path-to-node=\"17,3,1,0\"><b data-path-to-node=\"17,3,1,0\" data-index-in-node=\"0\"><span class=\"citation-280\">Gyerekek:<\/span><\/b><span class=\"citation-280\"> 6 \u00e9ves kor alatt ingyenes (feln\u0151tt k\u00eds\u00e9rettel)<\/span><\/span><span data-path-to-node=\"17,3,1,2\">. <\/span><span data-path-to-node=\"17,3,1,4\"><span class=\"citation-279\">18 \u00e9v alattiak alkoholt nem fogyaszthatnak<\/span><\/span><span data-path-to-node=\"17,3,1,6\">.<\/span><\/p>\n<\/li>\n<li>\n<p data-path-to-node=\"17,4,1\"><span data-path-to-node=\"17,4,1,0\"><b data-path-to-node=\"17,4,1,0\" data-index-in-node=\"0\"><span class=\"citation-278\">Id\u0151j\u00e1r\u00e1s:<\/span><\/b><span class=\"citation-278\"> A t\u00fara minden id\u0151j\u00e1r\u00e1si k\u00f6r\u00fclm\u00e9ny k\u00f6z\u00f6tt elindul, kiv\u00e9ve hivatalos hat\u00f3s\u00e1gi figyelmeztet\u00e9s (pl. ciklon) eset\u00e9n<\/span><\/span><span data-path-to-node=\"17,4,1,2\">.<\/span><\/p>\n<\/li>\n<li>\n<p data-path-to-node=\"17,5,0\"><span data-path-to-node=\"17,5,0,0\"><b data-path-to-node=\"17,5,0,0\" data-index-in-node=\"0\">K\u00e9s\u00e9s:<\/b> K\u00e9rj\u00fck, \u00e9rkezz 5 perccel a kezd\u00e9s el\u0151tt. <\/span><span data-path-to-node=\"17,5,0,2\"><span class=\"citation-277\">Maximum 15 percet tudunk v\u00e1rni<\/span><\/span><span data-path-to-node=\"17,5,0,4\">.<\/span><\/p>\n<\/li>\n<\/ul>\n","protected":false},"excerpt":{"rendered":"<p data-path-to-node=\"3\"><b data-path-to-node=\"3\" data-index-in-node=\"0\">Egy falat Mauritius, ahogy a helyiek szeretik!<\/b><\/p>\n<p data-path-to-node=\"4\"><span data-path-to-node=\"4,0\">Hagyd el a kitaposott \u00f6sv\u00e9nyt, \u00e9s fedezd fel a sziget lelk\u00e9t egy kulin\u00e1ris kaland sor\u00e1n! <\/span><span data-path-to-node=\"4,2\"><span class=\"citation-426\">A gasztrot\u00far\u00e1kon nemcsak j\u00f3kat eszel, hanem megismered Mauritius gazdag t\u00f6rt\u00e9nelm\u00e9t \u00e9s multikultur\u00e1lis \u00f6r\u00f6ks\u00e9g\u00e9t is<\/span><\/span><span data-path-to-node=\"4,4\">. <\/span><span data-path-to-node=\"4,6\"><span class=\"citation-425\">Helyi vezet\u0151inkkel olyan eldugott zugokba \u00e9s autentikus kif\u0151zd\u00e9kbe jutsz el, ahov\u00e1 a turist\u00e1k ritk\u00e1n t\u00e9vednek<\/span><\/span><span data-path-to-node=\"4,8\">.<\/span><\/p>\n<p data-path-to-node=\"5\"><span data-path-to-node=\"5,1\"><span class=\"citation-424\">V\u00e1lassz a h\u00e1rom helysz\u00edn k\u00f6z\u00fcl: mer\u00fclj el <\/span><b data-path-to-node=\"5,1\" data-index-in-node=\"42\"><span class=\"citation-424\">Port Louis<\/span><\/b><span class=\"citation-424\"> piaci forgatag\u00e1ban, \u00e9lvezd <\/span><b data-path-to-node=\"5,1\" data-index-in-node=\"80\"><span class=\"citation-424\">Mahebourg<\/span><\/b><span class=\"citation-424\"> rusztikus b\u00e1j\u00e1t a lag\u00fana mellett, vagy k\u00f3stold meg <\/span><b data-path-to-node=\"5,1\" data-index-in-node=\"141\"><span class=\"citation-424\">Grand Baie<\/span><\/b><span class=\"citation-424\"> tengeri fog\u00e1sait<\/span><\/span><span data-path-to-node=\"5,3\">.<\/span><\/p>\n<ul data-path-to-node=\"6\">\n<li>\n<p data-path-to-node=\"6,0,1\"><span data-path-to-node=\"6,0,1,0\"><b data-path-to-node=\"6,0,1,0\" data-index-in-node=\"0\"><span class=\"citation-423\">Id\u0151tartam:<\/span><\/b><span class=\"citation-423\"> 3 \u00f3r\u00e1s k\u00e9nyelmes s\u00e9ta (10:30 \u2013 13:30)<\/span><\/span><span data-path-to-node=\"6,0,1,2\">.<\/span><\/p>\n<\/li>\n<li>\n<p data-path-to-node=\"6,1,1\"><span data-path-to-node=\"6,1,1,0\"><b data-path-to-node=\"6,1,1,0\" data-index-in-node=\"0\"><span class=\"citation-422\">\u00c9lm\u00e9ny:<\/span><\/b><span class=\"citation-422\"> Kis csoportos (max. 8 f\u0151), szem\u00e9lyes vezet\u00e9s<\/span><\/span><span data-path-to-node=\"6,1,1,2\">.<\/span><\/p>\n<\/li>\n<li>\n<p data-path-to-node=\"6,2,1\"><span data-path-to-node=\"6,2,1,0\"><b data-path-to-node=\"6,2,1,0\" data-index-in-node=\"0\"><span class=\"citation-421\">Kaland:<\/span><\/b><span class=\"citation-421\"> Es\u0151ben \u00e9s naps\u00fct\u00e9sben is indulunk! <\/span><\/span><\/p>\n<\/li>\n<\/ul>\n","protected":false},"featured_media":493,"comment_status":"open","ping_status":"closed","template":"","meta":{"_regular_price":[],"currency_symbol":[]},"product_brand":[],"product_cat":[32,23],"product_tag":[],"class_list":{"0":"post-492","1":"product","2":"type-product","3":"status-publish","4":"has-post-thumbnail","6":"product_cat-tura","7":"product_cat-programok","9":"first","10":"instock","11":"shipping-taxable","12":"purchasable","13":"product-type-variable"},"post_slider_layout_featured_media_urls":{"thumbnail":["https:\/\/mauritiusevents.hu\/wp-content\/uploads\/2026\/01\/Screenshot-2026-01-10-071709-150x150.png",150,150,true],"post_slider_layout_landscape_large":["https:\/\/mauritiusevents.hu\/wp-content\/uploads\/2026\/01\/Screenshot-2026-01-10-071709.png",621,510,false],"post_slider_layout_portrait_large":["https:\/\/mauritiusevents.hu\/wp-content\/uploads\/2026\/01\/Screenshot-2026-01-10-071709.png",621,510,false],"post_slider_layout_square_large":["https:\/\/mauritiusevents.hu\/wp-content\/uploads\/2026\/01\/Screenshot-2026-01-10-071709.png",621,510,false],"post_slider_layout_landscape":["https:\/\/mauritiusevents.hu\/wp-content\/uploads\/2026\/01\/Screenshot-2026-01-10-071709-600x400.png",600,400,true],"post_slider_layout_portrait":["https:\/\/mauritiusevents.hu\/wp-content\/uploads\/2026\/01\/Screenshot-2026-01-10-071709-600x510.png",600,510,true],"post_slider_layout_square":["https:\/\/mauritiusevents.hu\/wp-content\/uploads\/2026\/01\/Screenshot-2026-01-10-071709-600x510.png",600,510,true],"full":["https:\/\/mauritiusevents.hu\/wp-content\/uploads\/2026\/01\/Screenshot-2026-01-10-071709.png",621,510,false]},"_links":{"self":[{"href":"https:\/\/mauritiusevents.hu\/index.php?rest_route=\/wp\/v2\/product\/492","targetHints":{"allow":["GET"]}}],"collection":[{"href":"https:\/\/mauritiusevents.hu\/index.php?rest_route=\/wp\/v2\/product"}],"about":[{"href":"https:\/\/mauritiusevents.hu\/index.php?rest_route=\/wp\/v2\/types\/product"}],"replies":[{"embeddable":true,"href":"https:\/\/mauritiusevents.hu\/index.php?rest_route=%2Fwp%2Fv2%2Fcomments&post=492"}],"wp:featuredmedia":[{"embeddable":true,"href":"https:\/\/mauritiusevents.hu\/index.php?rest_route=\/wp\/v2\/media\/493"}],"wp:attachment":[{"href":"https:\/\/mauritiusevents.hu\/index.php?rest_route=%2Fwp%2Fv2%2Fmedia&parent=492"}],"wp:term":[{"taxonomy":"product_brand","embeddable":true,"href":"https:\/\/mauritiusevents.hu\/index.php?rest_route=%2Fwp%2Fv2%2Fproduct_brand&post=492"},{"taxonomy":"product_cat","embeddable":true,"href":"https:\/\/mauritiusevents.hu\/index.php?rest_route=%2Fwp%2Fv2%2Fproduct_cat&post=492"},{"taxonomy":"product_tag","embeddable":true,"href":"https:\/\/mauritiusevents.hu\/index.php?rest_route=%2Fwp%2Fv2%2Fproduct_tag&post=492"}],"curies":[{"name":"wp","href":"https:\/\/api.w.org\/{rel}","templated":true}]}}