{"id":422,"date":"2025-11-26T13:55:34","date_gmt":"2025-11-26T13:55:34","guid":{"rendered":"https:\/\/mauritiusevents.hu\/?post_type=product&#038;p=422"},"modified":"2026-02-26T06:52:17","modified_gmt":"2026-02-26T06:52:17","slug":"uvegfalu-feltengeralattjaro-tenger","status":"publish","type":"product","link":"https:\/\/mauritiusevents.hu\/?product=uvegfalu-feltengeralattjaro-tenger","title":{"rendered":"\u00dcvegfal\u00fa f\u00e9ltengeralattj\u00e1r\u00f3 \u2013 Tenger alatti kaland sz\u00e1razon"},"content":{"rendered":"<article class=\"text-token-text-primary w-full focus:outline-none [--shadow-height:45px] has-data-writing-block:pointer-events-none has-data-writing-block:-mt-(--shadow-height) has-data-writing-block:pt-(--shadow-height) [&amp;:has([data-writing-block])&gt;*]:pointer-events-auto scroll-mt-[calc(var(--header-height)+min(200px,max(70px,20svh)))]\" dir=\"auto\" tabindex=\"-1\" data-turn-id=\"request-691023ce-2388-8327-a509-4d9ddab719cf-6\" data-testid=\"conversation-turn-48\" data-scroll-anchor=\"true\" data-turn=\"assistant\">\n<div class=\"text-base my-auto mx-auto pb-10 [--thread-content-margin:--spacing(4)] thread-sm:[--thread-content-margin:--spacing(6)] thread-lg:[--thread-content-margin:--spacing(16)] px-(--thread-content-margin)\">\n<div class=\"[--thread-content-max-width:40rem] thread-lg:[--thread-content-max-width:48rem] mx-auto max-w-(--thread-content-max-width) flex-1 group\/turn-messages focus-visible:outline-hidden relative flex w-full min-w-0 flex-col agent-turn\" tabindex=\"-1\">\n<div class=\"flex max-w-full flex-col grow\">\n<div class=\"min-h-8 text-message relative flex w-full flex-col items-end gap-2 text-start break-words whitespace-normal [.text-message+&amp;]:mt-1\" dir=\"auto\" data-message-author-role=\"assistant\" data-message-id=\"9003141b-07e2-4bbc-ac7e-8b3107eb51b3\" data-message-model-slug=\"gpt-4o\">\n<div class=\"flex w-full flex-col gap-1 empty:hidden first:pt-[1px]\">\n<div class=\"markdown prose dark:prose-invert w-full break-words dark markdown-new-styling\">\n<p data-start=\"172\" data-end=\"595\">Ha mindig is k\u00edv\u00e1ncsiak voltatok arra, milyen lehet az \u00f3ce\u00e1n m\u00e9ly\u00e9n s\u00e9t\u00e1lni \u2013 an\u00e9lk\u00fcl, hogy t\u00e9nylegesen vizesek lenn\u00e9tek \u2013, akkor ez az \u00fcvegfal\u00fa f\u00e9ltengeralattj\u00e1r\u00f3s t\u00fara nektek sz\u00f3l. Ez a k\u00fcl\u00f6nleges haj\u00f3 nem mer\u00fcl a v\u00edz al\u00e1, hanem egy als\u00f3 panor\u00e1m\u00e1s kabinnal rendelkezik, ahov\u00e1 k\u00e9nyelmesen le lehet s\u00e9t\u00e1lni, \u00e9s a nagy \u00fcvegablakokon kereszt\u00fcl \u00fagy figyelhetitek meg a tr\u00f3pusi \u00e9l\u0151vil\u00e1got, mintha egy mozg\u00f3 akv\u00e1riumban \u00fcln\u00e9tek.<\/p>\n<p data-start=\"597\" data-end=\"775\">Ez a program ide\u00e1lis v\u00e1laszt\u00e1s, ha kisgyerekkel vagytok, nem tudtok vagy nem akartok \u00faszni, esetleg tartotok a ny\u00edlt v\u00edzt\u0151l \u2013 m\u00e9gis szeretn\u00e9tek r\u00e9szes\u00fclni az \u00f3ce\u00e1n var\u00e1zslat\u00e1ban.<\/p>\n<h3 data-start=\"777\" data-end=\"822\">Mit ny\u00fajt ez a k\u00fcl\u00f6nleges haj\u00f3kir\u00e1ndul\u00e1s?<\/h3>\n<ul data-start=\"824\" data-end=\"1126\">\n<li data-start=\"824\" data-end=\"911\">\n<p data-start=\"826\" data-end=\"911\">Krist\u00e1lytiszta kil\u00e1t\u00e1s a v\u00edz alatti vil\u00e1gra egy l\u00e9gkondicion\u00e1lt, biztons\u00e1gos kabinb\u00f3l<\/p>\n<\/li>\n<li data-start=\"912\" data-end=\"988\">\n<p data-start=\"914\" data-end=\"988\">Sz\u00ednpomp\u00e1s halrajok, korallz\u00e1tonyok, esetenk\u00e9nt tekn\u0151s\u00f6k \u00e9s r\u00e1j\u00e1k l\u00e1tv\u00e1nya<\/p>\n<\/li>\n<li data-start=\"989\" data-end=\"1051\">\n<p data-start=\"991\" data-end=\"1051\">Minden utas saj\u00e1t ablakkal \u00fcl \u2013 garant\u00e1ltan \u00e9lvezhet\u0151 \u00e9lm\u00e9ny<\/p>\n<\/li>\n<li data-start=\"1052\" data-end=\"1126\">\n<p data-start=\"1054\" data-end=\"1126\">A program v\u00e9g\u00e9n lehet\u0151s\u00e9g ny\u00edlik f\u00fcrd\u00e9sre is a lag\u00fan\u00e1ban, ha szeretn\u00e9tek<\/p>\n<\/li>\n<\/ul>\n<h3 data-start=\"1128\" data-end=\"1147\">Kinek aj\u00e1nljuk?<\/h3>\n<p data-start=\"1149\" data-end=\"1411\">Ez az \u00fcvegfal\u00fa f\u00e9ltengeralattj\u00e1r\u00f3s kaland k\u00fcl\u00f6n\u00f6sen n\u00e9pszer\u0171 a kisgyermekes csal\u00e1dok k\u00f6r\u00e9ben, de azoknak is nagyszer\u0171 program, akik nem szeretnek \u00faszni, f\u00e9lnek a m\u00e9lys\u00e9gt\u0151l, vagy egyszer\u0171en csak egy k\u00e9nyelmes, pihentet\u0151 m\u00f3dj\u00e1t keresik a tenger alatti vil\u00e1g felfedez\u00e9s\u00e9nek.<\/p>\n<h3 data-start=\"1413\" data-end=\"1438\">Praktikus tudnival\u00f3k:<\/h3>\n<ul data-start=\"1440\" data-end=\"1736\">\n<li data-start=\"1440\" data-end=\"1519\">\n<p data-start=\"1442\" data-end=\"1519\">Nem sz\u00fcks\u00e9ges f\u00fcrd\u0151ruha vagy b\u00fav\u00e1rfelszerel\u00e9s \u2013 a t\u00fara teljesen sz\u00e1raz \u00e9lm\u00e9ny<\/p>\n<\/li>\n<li data-start=\"1520\" data-end=\"1588\">\n<p data-start=\"1522\" data-end=\"1588\">K\u00e9nyelmes, r\u00e9teges ruh\u00e1zat aj\u00e1nlott, mivel a kabin l\u00e9gkondicion\u00e1lt<\/p>\n<\/li>\n<li data-start=\"1589\" data-end=\"1666\">\n<p data-start=\"1591\" data-end=\"1666\">Ha szeretn\u00e9tek f\u00e9nyk\u00e9pezni, \u00e9rdemes kamer\u00e1t vagy v\u00edz\u00e1ll\u00f3 telefontokot vinni<\/p>\n<\/li>\n<li data-start=\"1667\" data-end=\"1736\">\n<p data-start=\"1669\" data-end=\"1736\">A t\u00fara kisz\u00e1m\u00edthat\u00f3, nem megterhel\u0151, ak\u00e1r id\u0151sebbeknek is aj\u00e1nlhat\u00f3<\/p>\n<\/li>\n<\/ul>\n<p data-start=\"1738\" data-end=\"1938\" data-is-last-node=\"\" data-is-only-node=\"\">Ez a program egyszerre ny\u00fajt izgalmat, kikapcsol\u00f3d\u00e1st \u00e9s biztons\u00e1got \u2013 egy igaz\u00e1n k\u00fcl\u00f6nleges \u00e9lm\u00e9ny Mauritiuson, ahol a tenger var\u00e1zs\u00e1t \u00fagy \u00e9lhetitek \u00e1t, hogy k\u00f6zben egy csepp v\u00edz sem \u00e9ri a b\u0151r\u00f6t\u00f6ket.<\/p>\n<\/div>\n<\/div>\n<\/div>\n<\/div>\n<div class=\"z-0 flex min-h-[46px] justify-start\"><\/div>\n<div class=\"mt-3 w-full empty:hidden\">\n<div class=\"text-center\"><\/div>\n<\/div>\n<\/div>\n<\/div>\n<\/article>\n<div class=\"pointer-events-none h-px w-px\" aria-hidden=\"true\" data-edge=\"true\"><\/div>\n","protected":false},"excerpt":{"rendered":"<p>Fedezz\u00e9tek fel Mauritius var\u00e1zslatos v\u00edz alatti vil\u00e1g\u00e1t egy \u00fcvegfal\u00fa f\u00e9ltengeralattj\u00e1r\u00f3r\u00f3l \u2013 \u00fasz\u00e1s \u00e9s mer\u00fcl\u00e9s n\u00e9lk\u00fcl! Ide\u00e1lis kisgyermekes csal\u00e1doknak vagy azoknak, akik biztons\u00e1gosan, k\u00e9nyelmesen szeretn\u00e9k megcsod\u00e1lni a sz\u00ednpomp\u00e1s tengeri \u00e9l\u0151vil\u00e1got. K\u00fcl\u00f6nleges \u00e9lm\u00e9ny, amit minden koroszt\u00e1ly \u00e9lvezni fog.<\/p>\n","protected":false},"featured_media":424,"comment_status":"open","ping_status":"closed","template":"","meta":{"_regular_price":["0"],"currency_symbol":[]},"product_brand":[],"product_cat":[29,23],"product_tag":[],"class_list":{"0":"post-422","1":"product","2":"type-product","3":"status-publish","4":"has-post-thumbnail","6":"product_cat-vizi","7":"product_cat-programok","9":"first","10":"instock","11":"virtual","12":"purchasable","13":"product-type-simple"},"post_slider_layout_featured_media_urls":{"thumbnail":["https:\/\/mauritiusevents.hu\/wp-content\/uploads\/2025\/11\/tengeralattjaro-1-150x150.jpg",150,150,true],"post_slider_layout_landscape_large":["https:\/\/mauritiusevents.hu\/wp-content\/uploads\/2025\/11\/tengeralattjaro-1.jpg",600,300,false],"post_slider_layout_portrait_large":["https:\/\/mauritiusevents.hu\/wp-content\/uploads\/2025\/11\/tengeralattjaro-1.jpg",600,300,false],"post_slider_layout_square_large":["https:\/\/mauritiusevents.hu\/wp-content\/uploads\/2025\/11\/tengeralattjaro-1.jpg",600,300,false],"post_slider_layout_landscape":["https:\/\/mauritiusevents.hu\/wp-content\/uploads\/2025\/11\/tengeralattjaro-1.jpg",600,300,false],"post_slider_layout_portrait":["https:\/\/mauritiusevents.hu\/wp-content\/uploads\/2025\/11\/tengeralattjaro-1.jpg",600,300,false],"post_slider_layout_square":["https:\/\/mauritiusevents.hu\/wp-content\/uploads\/2025\/11\/tengeralattjaro-1.jpg",600,300,false],"full":["https:\/\/mauritiusevents.hu\/wp-content\/uploads\/2025\/11\/tengeralattjaro-1.jpg",600,300,false]},"_links":{"self":[{"href":"https:\/\/mauritiusevents.hu\/index.php?rest_route=\/wp\/v2\/product\/422","targetHints":{"allow":["GET"]}}],"collection":[{"href":"https:\/\/mauritiusevents.hu\/index.php?rest_route=\/wp\/v2\/product"}],"about":[{"href":"https:\/\/mauritiusevents.hu\/index.php?rest_route=\/wp\/v2\/types\/product"}],"replies":[{"embeddable":true,"href":"https:\/\/mauritiusevents.hu\/index.php?rest_route=%2Fwp%2Fv2%2Fcomments&post=422"}],"wp:featuredmedia":[{"embeddable":true,"href":"https:\/\/mauritiusevents.hu\/index.php?rest_route=\/wp\/v2\/media\/424"}],"wp:attachment":[{"href":"https:\/\/mauritiusevents.hu\/index.php?rest_route=%2Fwp%2Fv2%2Fmedia&parent=422"}],"wp:term":[{"taxonomy":"product_brand","embeddable":true,"href":"https:\/\/mauritiusevents.hu\/index.php?rest_route=%2Fwp%2Fv2%2Fproduct_brand&post=422"},{"taxonomy":"product_cat","embeddable":true,"href":"https:\/\/mauritiusevents.hu\/index.php?rest_route=%2Fwp%2Fv2%2Fproduct_cat&post=422"},{"taxonomy":"product_tag","embeddable":true,"href":"https:\/\/mauritiusevents.hu\/index.php?rest_route=%2Fwp%2Fv2%2Fproduct_tag&post=422"}],"curies":[{"name":"wp","href":"https:\/\/api.w.org\/{rel}","templated":true}]}}