{"id":415,"date":"2025-11-26T13:15:40","date_gmt":"2025-11-26T13:15:40","guid":{"rendered":"https:\/\/mauritiusevents.hu\/?post_type=product&#038;p=415"},"modified":"2026-02-26T06:52:26","modified_gmt":"2026-02-26T06:52:26","slug":"tengeralattjarozas-mauritiuson","status":"publish","type":"product","link":"https:\/\/mauritiusevents.hu\/?product=tengeralattjarozas-mauritiuson","title":{"rendered":"Tengeralattj\u00e1r\u00f3z\u00e1s Mauritiuson \u2013 mer\u00fcljetek le a tenger m\u00e9ly\u00e9re b\u00fav\u00e1rkod\u00e1s n\u00e9lk\u00fcl"},"content":{"rendered":"<p data-start=\"294\" data-end=\"726\">Szeretn\u00e9tek felfedezni a tenger m\u00e9ly\u00e9t an\u00e9lk\u00fcl, hogy b\u00fav\u00e1rfelszerel\u00e9st h\u00fazn\u00e1tok? Akkor a <strong data-start=\"383\" data-end=\"417\">tengeralattj\u00e1r\u00f3z\u00e1s Mauritiuson<\/strong> egy \u00e9letre sz\u00f3l\u00f3 \u00e9lm\u00e9nyt k\u00edn\u00e1l nektek. Egy k\u00e9nyelmes, teljesen z\u00e1rt, l\u00e9gkondicion\u00e1lt tengeralattj\u00e1r\u00f3 visz le benneteket ak\u00e1r <strong data-start=\"543\" data-end=\"562\">35 m\u00e9ter m\u00e9lyre<\/strong>, ahol saj\u00e1t ablakon kereszt\u00fcl csod\u00e1lhatj\u00e1tok meg a sziget sz\u00ednpomp\u00e1s v\u00edz alatti vil\u00e1g\u00e1t \u2013 korallokat, tr\u00f3pusi halakat, \u00e9s ha szerencs\u00e9tek van, ak\u00e1r egy tekn\u0151st is.<\/p>\n<h2 data-start=\"294\" data-end=\"726\">Hogyan zajlik a program?<\/h2>\n<p data-start=\"762\" data-end=\"1107\">A t\u00fara egy r\u00f6vid haj\u00f3z\u00e1ssal indul, amely elvisz benneteket a ny\u00edlt v\u00edzen horgonyz\u00f3 tengeralattj\u00e1r\u00f3hoz. Ott besz\u00e1lltok a t\u00e1gas, k\u00e9nyelmes kabinba, ahol minden utasnak k\u00fcl\u00f6n ablak \u00e1ll rendelkez\u00e9s\u00e9re. A mer\u00fcl\u00e9s sor\u00e1n lassan ereszkedtek le a tengerfen\u00e9kig, mik\u00f6zben v\u00e9gig \u00e9lvezhetitek a kil\u00e1t\u00e1st \u2013 \u00e9s nem kell hozz\u00e1 sem b\u00fav\u00e1rismeret, sem \u00fasz\u00e1stud\u00e1s.<\/p>\n<p data-start=\"1109\" data-end=\"1175\">A v\u00edz alatti szakasz k\u00f6r\u00fclbel\u00fcl <strong data-start=\"1141\" data-end=\"1154\">40 perces<\/strong>, ez id\u0151 alatt pedig:<\/p>\n<ul data-start=\"1177\" data-end=\"1324\">\n<li data-start=\"1177\" data-end=\"1214\">\n<p data-start=\"1179\" data-end=\"1214\">megn\u00e9zhetitek a korallz\u00e1tonyokat,<\/p>\n<\/li>\n<li data-start=\"1215\" data-end=\"1256\">\n<p data-start=\"1217\" data-end=\"1256\">megfigyelhetitek a sz\u00ednes halrajokat,<\/p>\n<\/li>\n<li data-start=\"1257\" data-end=\"1324\">\n<p data-start=\"1259\" data-end=\"1324\">\u00e9s egyes programokon m\u00e9g els\u00fcllyedt haj\u00f3roncsokat is l\u00e1thattok.<\/p>\n<\/li>\n<\/ul>\n<p data-start=\"1326\" data-end=\"1415\">Ezut\u00e1n visszat\u00e9rtek a felsz\u00ednre, \u00e9s a haj\u00f3val \u00fajra partra \u00e9rkeztek \u2013 tele \u00faj \u00e9lm\u00e9nyekkel.<\/p>\n<h2 data-start=\"1422\" data-end=\"1441\">Kiknek aj\u00e1nljuk?<\/h2>\n<p data-start=\"1443\" data-end=\"1490\">Ez a program <strong data-start=\"1456\" data-end=\"1487\">szinte mindenkinek aj\u00e1nlott<\/strong>:<\/p>\n<ul data-start=\"1491\" data-end=\"1716\">\n<li data-start=\"1491\" data-end=\"1547\">\n<p data-start=\"1493\" data-end=\"1547\">akik nem mer\u00fcln\u00e9nek, de k\u00edv\u00e1ncsiak a tenger m\u00e9ly\u00e9re,<\/p>\n<\/li>\n<li data-start=\"1548\" data-end=\"1596\">\n<p data-start=\"1550\" data-end=\"1596\">id\u0151sebbeknek, akik nem pr\u00f3b\u00e1ln\u00e1k a snorkelt,<\/p>\n<\/li>\n<li data-start=\"1597\" data-end=\"1650\">\n<p data-start=\"1599\" data-end=\"1650\">gyerekes csal\u00e1doknak (\u00e1ltal\u00e1ban 3\u20134 \u00e9ves kort\u00f3l),<\/p>\n<\/li>\n<li data-start=\"1651\" data-end=\"1716\">\n<p data-start=\"1653\" data-end=\"1716\">vagy \u00e9pp romantikus p\u00e1roknak, akik valami k\u00fcl\u00f6nlegesre v\u00e1gynak.<\/p>\n<\/li>\n<\/ul>\n<p data-start=\"1718\" data-end=\"1817\">Nincs rohan\u00e1s, nincs neh\u00e9z felszerel\u00e9s \u2013 csak ti, a tenger, \u00e9s egy k\u00fcl\u00f6nleges n\u00e9z\u0151pont a v\u00edz alatt.<\/p>\n<h2 data-start=\"1824\" data-end=\"1845\">Amit \u00e9rdemes hozni<\/h2>\n<ul data-start=\"1847\" data-end=\"2085\">\n<li data-start=\"1847\" data-end=\"1886\">\n<p data-start=\"1849\" data-end=\"1886\">K\u00e9nyelmes \u00f6lt\u00f6zet, kalap vagy sapka<\/p>\n<\/li>\n<li data-start=\"1887\" data-end=\"1919\">\n<p data-start=\"1889\" data-end=\"1919\">Naptej a felsz\u00edni szakaszhoz<\/p>\n<\/li>\n<li data-start=\"1920\" data-end=\"2004\">\n<p data-start=\"1922\" data-end=\"2004\">F\u00e9nyk\u00e9pez\u0151g\u00e9p vagy telefon, hogy meg\u00f6r\u00f6k\u00edts\u00e9tek az indul\u00e1st \u00e9s a partra \u00e9rkez\u00e9st<\/p>\n<\/li>\n<li data-start=\"2005\" data-end=\"2085\">\n<p data-start=\"2007\" data-end=\"2085\">Egy kis v\u00edz vagy friss\u00edt\u0151, mert b\u00e1r a kabin h\u0171t\u00f6tt, a haj\u00f3z\u00e1s alatt j\u00f3l esik<\/p>\n<\/li>\n<\/ul>\n<p data-start=\"2092\" data-end=\"2295\">Ha szeretn\u00e9tek olyan tengeri \u00e9lm\u00e9nyt, amit <strong data-start=\"2135\" data-end=\"2165\">m\u00e9g sok\u00e1ig emlegettek majd<\/strong>, a tengeralattj\u00e1r\u00f3z\u00e1s Mauritiuson egy igazi bakancslist\u00e1s program. Mer\u00fcljetek le egy \u00faj vil\u00e1gba \u2013 an\u00e9lk\u00fcl, hogy vizesek lenn\u00e9tek!<\/p>\n","protected":false},"excerpt":{"rendered":"<p>Mer\u00fcljetek le Mauritius leny\u0171g\u00f6z\u0151 v\u00edz alatti vil\u00e1g\u00e1ba egy igazi tengeralattj\u00e1r\u00f3val \u2013 b\u00fav\u00e1rkod\u00e1s n\u00e9lk\u00fcl! K\u00e9nyelmes, biztons\u00e1gos, \u00e9s gyerekekkel is \u00e9lvezhet\u0151 \u00e9lm\u00e9ny, amelyet soha nem felejtetek el. Ide\u00e1lis v\u00e1laszt\u00e1s, ha k\u00fcl\u00f6nleges programot kerestek a nyaral\u00e1sotokhoz. Foglalj\u00e1tok le most, miel\u0151tt betelnek a helyek!<\/p>\n","protected":false},"featured_media":416,"comment_status":"open","ping_status":"closed","template":"","meta":{"_regular_price":["0"],"currency_symbol":[]},"product_brand":[],"product_cat":[23,34,29],"product_tag":[],"class_list":{"0":"post-415","1":"product","2":"type-product","3":"status-publish","4":"has-post-thumbnail","6":"product_cat-programok","7":"product_cat-bakancslistas-elmenyek","8":"product_cat-vizi","10":"first","11":"instock","12":"virtual","13":"purchasable","14":"product-type-simple"},"post_slider_layout_featured_media_urls":{"thumbnail":["https:\/\/mauritiusevents.hu\/wp-content\/uploads\/2025\/11\/tengeralattjaro-150x150.jpg",150,150,true],"post_slider_layout_landscape_large":["https:\/\/mauritiusevents.hu\/wp-content\/uploads\/2025\/11\/tengeralattjaro.jpg",600,300,false],"post_slider_layout_portrait_large":["https:\/\/mauritiusevents.hu\/wp-content\/uploads\/2025\/11\/tengeralattjaro.jpg",600,300,false],"post_slider_layout_square_large":["https:\/\/mauritiusevents.hu\/wp-content\/uploads\/2025\/11\/tengeralattjaro.jpg",600,300,false],"post_slider_layout_landscape":["https:\/\/mauritiusevents.hu\/wp-content\/uploads\/2025\/11\/tengeralattjaro.jpg",600,300,false],"post_slider_layout_portrait":["https:\/\/mauritiusevents.hu\/wp-content\/uploads\/2025\/11\/tengeralattjaro.jpg",600,300,false],"post_slider_layout_square":["https:\/\/mauritiusevents.hu\/wp-content\/uploads\/2025\/11\/tengeralattjaro.jpg",600,300,false],"full":["https:\/\/mauritiusevents.hu\/wp-content\/uploads\/2025\/11\/tengeralattjaro.jpg",600,300,false]},"_links":{"self":[{"href":"https:\/\/mauritiusevents.hu\/index.php?rest_route=\/wp\/v2\/product\/415","targetHints":{"allow":["GET"]}}],"collection":[{"href":"https:\/\/mauritiusevents.hu\/index.php?rest_route=\/wp\/v2\/product"}],"about":[{"href":"https:\/\/mauritiusevents.hu\/index.php?rest_route=\/wp\/v2\/types\/product"}],"replies":[{"embeddable":true,"href":"https:\/\/mauritiusevents.hu\/index.php?rest_route=%2Fwp%2Fv2%2Fcomments&post=415"}],"wp:featuredmedia":[{"embeddable":true,"href":"https:\/\/mauritiusevents.hu\/index.php?rest_route=\/wp\/v2\/media\/416"}],"wp:attachment":[{"href":"https:\/\/mauritiusevents.hu\/index.php?rest_route=%2Fwp%2Fv2%2Fmedia&parent=415"}],"wp:term":[{"taxonomy":"product_brand","embeddable":true,"href":"https:\/\/mauritiusevents.hu\/index.php?rest_route=%2Fwp%2Fv2%2Fproduct_brand&post=415"},{"taxonomy":"product_cat","embeddable":true,"href":"https:\/\/mauritiusevents.hu\/index.php?rest_route=%2Fwp%2Fv2%2Fproduct_cat&post=415"},{"taxonomy":"product_tag","embeddable":true,"href":"https:\/\/mauritiusevents.hu\/index.php?rest_route=%2Fwp%2Fv2%2Fproduct_tag&post=415"}],"curies":[{"name":"wp","href":"https:\/\/api.w.org\/{rel}","templated":true}]}}