{"id":29,"date":"2025-11-09T10:56:42","date_gmt":"2025-11-09T10:56:42","guid":{"rendered":"https:\/\/mauritiusevents.hu\/?page_id=29"},"modified":"2026-02-26T14:06:12","modified_gmt":"2026-02-26T14:06:12","slug":"home","status":"publish","type":"page","link":"https:\/\/mauritiusevents.hu\/","title":{"rendered":"Kezd\u0151lap"},"content":{"rendered":"\t\t<div data-elementor-type=\"wp-page\" data-elementor-id=\"29\" class=\"elementor elementor-29\">\n\t\t\t\t<div class=\"elementor-element elementor-element-1fbed565 e-con-full e-flex e-con e-parent\" data-id=\"1fbed565\" data-element_type=\"container\" data-e-type=\"container\" data-settings=\"{&quot;background_background&quot;:&quot;classic&quot;}\">\n\t\t\t\t<div class=\"elementor-element elementor-element-740af6b3 elementor-widget elementor-widget-spacer\" data-id=\"740af6b3\" data-element_type=\"widget\" data-e-type=\"widget\" data-widget_type=\"spacer.default\">\n\t\t\t\t\t\t\t<div class=\"elementor-spacer\">\n\t\t\t<div class=\"elementor-spacer-inner\"><\/div>\n\t\t<\/div>\n\t\t\t\t\t\t<\/div>\n\t\t<div class=\"elementor-element elementor-element-7f2da31c e-grid e-con-full e-con e-child\" data-id=\"7f2da31c\" data-element_type=\"container\" data-e-type=\"container\" data-settings=\"{&quot;background_background&quot;:&quot;classic&quot;}\">\n\t\t\t\t<div class=\"elementor-element elementor-element-31944fff elementor-view-default elementor-position-block-start elementor-mobile-position-block-start elementor-widget elementor-widget-icon-box\" data-id=\"31944fff\" data-element_type=\"widget\" data-e-type=\"widget\" data-widget_type=\"icon-box.default\">\n\t\t\t\t\t\t\t<div class=\"elementor-icon-box-wrapper\">\n\n\t\t\t\t\t\t<div class=\"elementor-icon-box-icon\">\n\t\t\t\t<span  class=\"elementor-icon\">\n\t\t\t\t<svg aria-hidden=\"true\" class=\"e-font-icon-svg e-fas-search\" viewBox=\"0 0 512 512\" xmlns=\"http:\/\/www.w3.org\/2000\/svg\"><path d=\"M505 442.7L405.3 343c-4.5-4.5-10.6-7-17-7H372c27.6-35.3 44-79.7 44-128C416 93.1 322.9 0 208 0S0 93.1 0 208s93.1 208 208 208c48.3 0 92.7-16.4 128-44v16.3c0 6.4 2.5 12.5 7 17l99.7 99.7c9.4 9.4 24.6 9.4 33.9 0l28.3-28.3c9.4-9.4 9.4-24.6.1-34zM208 336c-70.7 0-128-57.2-128-128 0-70.7 57.2-128 128-128 70.7 0 128 57.2 128 128 0 70.7-57.2 128-128 128z\"><\/path><\/svg>\t\t\t\t<\/span>\n\t\t\t<\/div>\n\t\t\t\n\t\t\t\t\t\t<div class=\"elementor-icon-box-content\">\n\n\t\t\t\t\t\t\t\t\t<h4 class=\"elementor-icon-box-title\">\n\t\t\t\t\t\t<span  >\n\t\t\t\t\t\t\tV\u00e1laszd ki a t\u00far\u00e1dat\t\t\t\t\t\t<\/span>\n\t\t\t\t\t<\/h4>\n\t\t\t\t\n\t\t\t\t\t\t\t\t\t<p class=\"elementor-icon-box-description\">\n\t\t\t\t\t\tB\u00f6ng\u00e9ssz exkluz\u00edv k\u00edn\u00e1latunkban, \u00e9s v\u00e1logass a legizgalmasabb \u00e9lm\u00e9nyek k\u00f6z\u00fcl!\t\t\t\t\t<\/p>\n\t\t\t\t\n\t\t\t<\/div>\n\t\t\t\n\t\t<\/div>\n\t\t\t\t\t\t<\/div>\n\t\t\t\t<div class=\"elementor-element elementor-element-206f9ab5 elementor-view-default elementor-position-block-start elementor-mobile-position-block-start elementor-widget elementor-widget-icon-box\" data-id=\"206f9ab5\" data-element_type=\"widget\" data-e-type=\"widget\" data-widget_type=\"icon-box.default\">\n\t\t\t\t\t\t\t<div class=\"elementor-icon-box-wrapper\">\n\n\t\t\t\t\t\t<div class=\"elementor-icon-box-icon\">\n\t\t\t\t<span  class=\"elementor-icon\">\n\t\t\t\t<svg aria-hidden=\"true\" class=\"e-font-icon-svg e-far-comments\" viewBox=\"0 0 576 512\" xmlns=\"http:\/\/www.w3.org\/2000\/svg\"><path d=\"M532 386.2c27.5-27.1 44-61.1 44-98.2 0-80-76.5-146.1-176.2-157.9C368.3 72.5 294.3 32 208 32 93.1 32 0 103.6 0 192c0 37 16.5 71 44 98.2-15.3 30.7-37.3 54.5-37.7 54.9-6.3 6.7-8.1 16.5-4.4 25 3.6 8.5 12 14 21.2 14 53.5 0 96.7-20.2 125.2-38.8 9.2 2.1 18.7 3.7 28.4 4.9C208.1 407.6 281.8 448 368 448c20.8 0 40.8-2.4 59.8-6.8C456.3 459.7 499.4 480 553 480c9.2 0 17.5-5.5 21.2-14 3.6-8.5 1.9-18.3-4.4-25-.4-.3-22.5-24.1-37.8-54.8zm-392.8-92.3L122.1 305c-14.1 9.1-28.5 16.3-43.1 21.4 2.7-4.7 5.4-9.7 8-14.8l15.5-31.1L77.7 256C64.2 242.6 48 220.7 48 192c0-60.7 73.3-112 160-112s160 51.3 160 112-73.3 112-160 112c-16.5 0-33-1.9-49-5.6l-19.8-4.5zM498.3 352l-24.7 24.4 15.5 31.1c2.6 5.1 5.3 10.1 8 14.8-14.6-5.1-29-12.3-43.1-21.4l-17.1-11.1-19.9 4.6c-16 3.7-32.5 5.6-49 5.6-54 0-102.2-20.1-131.3-49.7C338 339.5 416 272.9 416 192c0-3.4-.4-6.7-.7-10C479.7 196.5 528 238.8 528 288c0 28.7-16.2 50.6-29.7 64z\"><\/path><\/svg>\t\t\t\t<\/span>\n\t\t\t<\/div>\n\t\t\t\n\t\t\t\t\t\t<div class=\"elementor-icon-box-content\">\n\n\t\t\t\t\t\t\t\t\t<h4 class=\"elementor-icon-box-title\">\n\t\t\t\t\t\t<span  >\n\t\t\t\t\t\t\tSzem\u00e9lyes konzult\u00e1ci\u00f3\t\t\t\t\t\t<\/span>\n\t\t\t\t\t<\/h4>\n\t\t\t\t\n\t\t\t\t\t\t\t\t\t<p class=\"elementor-icon-box-description\">\n\t\t\t\t\t\tMiut\u00e1n kiv\u00e1lasztottad, felvessz\u00fck veled a kapcsolatot, hogy egyeztess\u00fck a r\u00e9szleteket, \u00e9s r\u00e1d szabjuk az utaz\u00e1st.\t\t\t\t\t<\/p>\n\t\t\t\t\n\t\t\t<\/div>\n\t\t\t\n\t\t<\/div>\n\t\t\t\t\t\t<\/div>\n\t\t\t\t<div class=\"elementor-element elementor-element-507035f4 elementor-view-default elementor-position-block-start elementor-mobile-position-block-start elementor-widget elementor-widget-icon-box\" data-id=\"507035f4\" data-element_type=\"widget\" data-e-type=\"widget\" data-widget_type=\"icon-box.default\">\n\t\t\t\t\t\t\t<div class=\"elementor-icon-box-wrapper\">\n\n\t\t\t\t\t\t<div class=\"elementor-icon-box-icon\">\n\t\t\t\t<span  class=\"elementor-icon\">\n\t\t\t\t<svg aria-hidden=\"true\" class=\"e-font-icon-svg e-fas-envelope-open-text\" viewBox=\"0 0 512 512\" xmlns=\"http:\/\/www.w3.org\/2000\/svg\"><path d=\"M176 216h160c8.84 0 16-7.16 16-16v-16c0-8.84-7.16-16-16-16H176c-8.84 0-16 7.16-16 16v16c0 8.84 7.16 16 16 16zm-16 80c0 8.84 7.16 16 16 16h160c8.84 0 16-7.16 16-16v-16c0-8.84-7.16-16-16-16H176c-8.84 0-16 7.16-16 16v16zm96 121.13c-16.42 0-32.84-5.06-46.86-15.19L0 250.86V464c0 26.51 21.49 48 48 48h416c26.51 0 48-21.49 48-48V250.86L302.86 401.94c-14.02 10.12-30.44 15.19-46.86 15.19zm237.61-254.18c-8.85-6.94-17.24-13.47-29.61-22.81V96c0-26.51-21.49-48-48-48h-77.55c-3.04-2.2-5.87-4.26-9.04-6.56C312.6 29.17 279.2-.35 256 0c-23.2-.35-56.59 29.17-73.41 41.44-3.17 2.3-6 4.36-9.04 6.56H96c-26.51 0-48 21.49-48 48v44.14c-12.37 9.33-20.76 15.87-29.61 22.81A47.995 47.995 0 0 0 0 200.72v10.65l96 69.35V96h320v184.72l96-69.35v-10.65c0-14.74-6.78-28.67-18.39-37.77z\"><\/path><\/svg>\t\t\t\t<\/span>\n\t\t\t<\/div>\n\t\t\t\n\t\t\t\t\t\t<div class=\"elementor-icon-box-content\">\n\n\t\t\t\t\t\t\t\t\t<h4 class=\"elementor-icon-box-title\">\n\t\t\t\t\t\t<span  >\n\t\t\t\t\t\t\tK\u00e9rj egyedi aj\u00e1nlatot\t\t\t\t\t\t<\/span>\n\t\t\t\t\t<\/h4>\n\t\t\t\t\n\t\t\t\t\t\t\t\t\t<p class=\"elementor-icon-box-description\">\n\t\t\t\t\t\tEgyeztet\u00e9s ut\u00e1n elk\u00fcldj\u00fck a szem\u00e9lyre szabott aj\u00e1nlatot a legjobb \u00e1rakkal, rejtett k\u00f6lts\u00e9gek n\u00e9lk\u00fcl.\t\t\t\t\t<\/p>\n\t\t\t\t\n\t\t\t<\/div>\n\t\t\t\n\t\t<\/div>\n\t\t\t\t\t\t<\/div>\n\t\t\t\t<\/div>\n\t\t<div class=\"elementor-element elementor-element-407b54be e-grid e-con-full e-con e-child\" data-id=\"407b54be\" data-element_type=\"container\" data-e-type=\"container\" data-settings=\"{&quot;background_background&quot;:&quot;classic&quot;}\">\n\t\t\t\t<div class=\"elementor-element elementor-element-683e35f7 elementor-widget elementor-widget-image\" data-id=\"683e35f7\" data-element_type=\"widget\" data-e-type=\"widget\" data-widget_type=\"image.default\">\n\t\t\t\t\t\t\t\t\t\t\t\t<figure class=\"wp-caption\">\n\t\t\t\t\t\t\t\t\t\t\t<a href=\"https:\/\/mauritiusevents.hu\/?product_cat=vizi\" target=\"_blank\">\n\t\t\t\t\t\t\t<img fetchpriority=\"high\" decoding=\"async\" width=\"640\" height=\"460\" src=\"https:\/\/mauritiusevents.hu\/wp-content\/uploads\/2026\/02\/Mauritius-.png\" class=\"attachment-large size-large wp-image-619\" alt=\"\" srcset=\"https:\/\/mauritiusevents.hu\/wp-content\/uploads\/2026\/02\/Mauritius-.png 640w, https:\/\/mauritiusevents.hu\/wp-content\/uploads\/2026\/02\/Mauritius--300x216.png 300w, https:\/\/mauritiusevents.hu\/wp-content\/uploads\/2026\/02\/Mauritius--600x431.png 600w\" sizes=\"(max-width: 640px) 100vw, 640px\" \/>\t\t\t\t\t\t\t\t<\/a>\n\t\t\t\t\t\t\t\t\t\t\t<figcaption class=\"widget-image-caption wp-caption-text\">Haj\u00f3s kalandok<\/figcaption>\n\t\t\t\t\t\t\t\t\t\t<\/figure>\n\t\t\t\t\t\t\t\t\t<\/div>\n\t\t\t\t<div class=\"elementor-element elementor-element-83ffc8c elementor-widget elementor-widget-image\" data-id=\"83ffc8c\" data-element_type=\"widget\" data-e-type=\"widget\" data-widget_type=\"image.default\">\n\t\t\t\t\t\t\t\t\t\t\t\t<figure class=\"wp-caption\">\n\t\t\t\t\t\t\t\t\t\t\t<a href=\"https:\/\/mauritiusevents.hu\/?product_cat=tura\">\n\t\t\t\t\t\t\t<img decoding=\"async\" width=\"640\" height=\"460\" src=\"https:\/\/mauritiusevents.hu\/wp-content\/uploads\/2026\/02\/Mauritius-1.png\" class=\"attachment-large size-large wp-image-620\" alt=\"\" srcset=\"https:\/\/mauritiusevents.hu\/wp-content\/uploads\/2026\/02\/Mauritius-1.png 640w, https:\/\/mauritiusevents.hu\/wp-content\/uploads\/2026\/02\/Mauritius-1-300x216.png 300w, https:\/\/mauritiusevents.hu\/wp-content\/uploads\/2026\/02\/Mauritius-1-600x431.png 600w\" sizes=\"(max-width: 640px) 100vw, 640px\" \/>\t\t\t\t\t\t\t\t<\/a>\n\t\t\t\t\t\t\t\t\t\t\t<figcaption class=\"widget-image-caption wp-caption-text\">N\u00e9gy Ker\u00e9ken Mauritius<\/figcaption>\n\t\t\t\t\t\t\t\t\t\t<\/figure>\n\t\t\t\t\t\t\t\t\t<\/div>\n\t\t\t\t<div class=\"elementor-element elementor-element-30ba9669 elementor-widget elementor-widget-image\" data-id=\"30ba9669\" data-element_type=\"widget\" data-e-type=\"widget\" data-widget_type=\"image.default\">\n\t\t\t\t\t\t\t\t\t\t\t\t<figure class=\"wp-caption\">\n\t\t\t\t\t\t\t\t\t\t\t<a href=\"https:\/\/mauritiusevents.hu\/?product_cat=bakancslistas-elmenyek\">\n\t\t\t\t\t\t\t<img decoding=\"async\" width=\"640\" height=\"460\" src=\"https:\/\/mauritiusevents.hu\/wp-content\/uploads\/2026\/02\/Mauritius-2.png\" class=\"attachment-large size-large wp-image-621\" alt=\"\" srcset=\"https:\/\/mauritiusevents.hu\/wp-content\/uploads\/2026\/02\/Mauritius-2.png 640w, https:\/\/mauritiusevents.hu\/wp-content\/uploads\/2026\/02\/Mauritius-2-300x216.png 300w, https:\/\/mauritiusevents.hu\/wp-content\/uploads\/2026\/02\/Mauritius-2-600x431.png 600w\" sizes=\"(max-width: 640px) 100vw, 640px\" \/>\t\t\t\t\t\t\t\t<\/a>\n\t\t\t\t\t\t\t\t\t\t\t<figcaption class=\"widget-image-caption wp-caption-text\">Bakancslist\u00e1s \u00c9lm\u00e9nyek<\/figcaption>\n\t\t\t\t\t\t\t\t\t\t<\/figure>\n\t\t\t\t\t\t\t\t\t<\/div>\n\t\t\t\t<\/div>\n\t\t\t\t<\/div>\n\t\t<div class=\"elementor-element elementor-element-44c80c6d e-flex e-con-boxed e-con e-parent\" data-id=\"44c80c6d\" data-element_type=\"container\" data-e-type=\"container\">\n\t\t\t\t\t<div class=\"e-con-inner\">\n\t\t\t\t<div class=\"elementor-element elementor-element-2874e62b elementor-widget elementor-widget-image\" data-id=\"2874e62b\" data-element_type=\"widget\" data-e-type=\"widget\" data-widget_type=\"image.default\">\n\t\t\t\t\t\t\t\t\t\t\t\t<figure class=\"wp-caption\">\n\t\t\t\t\t\t\t\t\t\t\t<a href=\"https:\/\/codeofjoy.com\/mauritius-weddings\/\" target=\"_blank\" rel=\"noopener\">\n\t\t\t\t\t\t\t<img loading=\"lazy\" decoding=\"async\" width=\"640\" height=\"240\" src=\"https:\/\/mauritiusevents.hu\/wp-content\/uploads\/2026\/02\/Weddings-Private-Events-1024x384.png\" class=\"attachment-large size-large wp-image-622\" alt=\"\" srcset=\"https:\/\/mauritiusevents.hu\/wp-content\/uploads\/2026\/02\/Weddings-Private-Events-1024x384.png 1024w, https:\/\/mauritiusevents.hu\/wp-content\/uploads\/2026\/02\/Weddings-Private-Events-300x113.png 300w, https:\/\/mauritiusevents.hu\/wp-content\/uploads\/2026\/02\/Weddings-Private-Events-768x288.png 768w, https:\/\/mauritiusevents.hu\/wp-content\/uploads\/2026\/02\/Weddings-Private-Events-600x225.png 600w, https:\/\/mauritiusevents.hu\/wp-content\/uploads\/2026\/02\/Weddings-Private-Events.png 1200w\" sizes=\"(max-width: 640px) 100vw, 640px\" \/>\t\t\t\t\t\t\t\t<\/a>\n\t\t\t\t\t\t\t\t\t\t\t<figcaption class=\"widget-image-caption wp-caption-text\">\u00c1lom esk\u00fcv\u0151k \u00e9s Exkluz\u00edv Esem\u00e9nyek<\/figcaption>\n\t\t\t\t\t\t\t\t\t\t<\/figure>\n\t\t\t\t\t\t\t\t\t<\/div>\n\t\t\t\t\t<\/div>\n\t\t\t\t<\/div>\n\t\t<div class=\"elementor-element elementor-element-4e01a8e4 e-flex e-con-boxed e-con e-parent\" data-id=\"4e01a8e4\" data-element_type=\"container\" data-e-type=\"container\">\n\t\t\t\t\t<div class=\"e-con-inner\">\n\t\t\t\t<div class=\"elementor-element elementor-element-3204947a elementor-widget elementor-widget-heading\" data-id=\"3204947a\" data-element_type=\"widget\" data-e-type=\"widget\" data-widget_type=\"heading.default\">\n\t\t\t\t\t<h2 class=\"elementor-heading-title elementor-size-default\">Helyi kalauzod a Paradicsom sz\u00edv\u00e9ben<\/h2>\t\t\t\t<\/div>\n\t\t\t\t<div class=\"elementor-element elementor-element-326d4aea elementor-widget elementor-widget-text-editor\" data-id=\"326d4aea\" data-element_type=\"widget\" data-e-type=\"widget\" data-widget_type=\"text-editor.default\">\n\t\t\t\t\t\t\t\t\t<p>A <b data-path-to-node=\"2,0\" data-index-in-node=\"3\">Mauritius Events<\/b>-n\u00e9l val\u00f3ra v\u00e1ltjuk tr\u00f3pusi \u00e1lmaidat. Legyen sz\u00f3 egy pihentet\u0151 katamar\u00e1n t\u00far\u00e1r\u00f3l, egy izgalmas helikopteres rep\u00fcl\u00e9sr\u0151l vagy \u00e1lmaid tengerparti esk\u00fcv\u0151j\u00e9r\u0151l, helyi csapatunk minden l\u00e9p\u00e9sn\u00e9l melletted \u00e1ll. Angol, n\u00e9met, olasz \u00e9s <b data-path-to-node=\"2,0\" data-index-in-node=\"245\">magyar nyelv\u0171 szem\u00e9lyes asszisztenci\u00e1val<\/b> gondoskodunk arr\u00f3l, hogy a nyaral\u00e1sod val\u00f3ban felejthetetlen legyen.<\/p>\t\t\t\t\t\t\t\t<\/div>\n\t\t\t\t\t<\/div>\n\t\t\t\t<\/div>\n\t\t\t\t<\/div>\n\t\t","protected":false},"excerpt":{"rendered":"<p>V\u00e1laszd ki a t\u00far\u00e1dat B\u00f6ng\u00e9ssz exkluz\u00edv k\u00edn\u00e1latunkban, \u00e9s v\u00e1logass a legizgalmasabb \u00e9lm\u00e9nyek k\u00f6z\u00fcl! Szem\u00e9lyes konzult\u00e1ci\u00f3 Miut\u00e1n kiv\u00e1lasztottad, felvessz\u00fck veled a kapcsolatot, hogy egyeztess\u00fck a r\u00e9szleteket, \u00e9s r\u00e1d szabjuk az utaz\u00e1st. K\u00e9rj egyedi aj\u00e1nlatot Egyeztet\u00e9s ut\u00e1n elk\u00fcldj\u00fck a szem\u00e9lyre szabott aj\u00e1nlatot a legjobb \u00e1rakkal, rejtett k\u00f6lts\u00e9gek n\u00e9lk\u00fcl. Haj\u00f3s kalandok N\u00e9gy Ker\u00e9ken Mauritius Bakancslist\u00e1s \u00c9lm\u00e9nyek \u00c1lom esk\u00fcv\u0151k [&hellip;]<\/p>\n","protected":false},"author":1,"featured_media":0,"parent":0,"menu_order":0,"comment_status":"closed","ping_status":"closed","template":"","meta":{"_regular_price":[],"currency_symbol":[],"footnotes":""},"class_list":["post-29","page","type-page","status-publish","hentry"],"post_slider_layout_featured_media_urls":{"thumbnail":"","post_slider_layout_landscape_large":"","post_slider_layout_portrait_large":"","post_slider_layout_square_large":"","post_slider_layout_landscape":"","post_slider_layout_portrait":"","post_slider_layout_square":"","full":""},"_links":{"self":[{"href":"https:\/\/mauritiusevents.hu\/index.php?rest_route=\/wp\/v2\/pages\/29","targetHints":{"allow":["GET"]}}],"collection":[{"href":"https:\/\/mauritiusevents.hu\/index.php?rest_route=\/wp\/v2\/pages"}],"about":[{"href":"https:\/\/mauritiusevents.hu\/index.php?rest_route=\/wp\/v2\/types\/page"}],"author":[{"embeddable":true,"href":"https:\/\/mauritiusevents.hu\/index.php?rest_route=\/wp\/v2\/users\/1"}],"replies":[{"embeddable":true,"href":"https:\/\/mauritiusevents.hu\/index.php?rest_route=%2Fwp%2Fv2%2Fcomments&post=29"}],"version-history":[{"count":72,"href":"https:\/\/mauritiusevents.hu\/index.php?rest_route=\/wp\/v2\/pages\/29\/revisions"}],"predecessor-version":[{"id":686,"href":"https:\/\/mauritiusevents.hu\/index.php?rest_route=\/wp\/v2\/pages\/29\/revisions\/686"}],"wp:attachment":[{"href":"https:\/\/mauritiusevents.hu\/index.php?rest_route=%2Fwp%2Fv2%2Fmedia&parent=29"}],"curies":[{"name":"wp","href":"https:\/\/api.w.org\/{rel}","templated":true}]}}